{"id":30,"date":"2024-08-26T01:32:14","date_gmt":"2024-08-26T01:32:14","guid":{"rendered":"https:\/\/schwanstain2434.live-website.com\/?page_id=30"},"modified":"2026-02-08T03:41:03","modified_gmt":"2026-02-08T03:41:03","slug":"impressum","status":"publish","type":"page","link":"https:\/\/schwanstain.de\/de\/impressum\/","title":{"rendered":"IMPRESSUM"},"content":{"rendered":"\t\t<div data-elementor-type=\"wp-page\" data-elementor-id=\"30\" class=\"elementor elementor-30\" data-elementor-post-type=\"page\">\n\t\t\t\t\t\t<section class=\"elementor-section elementor-top-section elementor-element elementor-element-aeccf94 elementor-section-boxed elementor-section-height-default elementor-section-height-default\" data-id=\"aeccf94\" data-element_type=\"section\">\n\t\t\t\t\t\t<div class=\"elementor-container elementor-column-gap-default\">\n\t\t\t\t\t<div class=\"elementor-column elementor-col-100 elementor-top-column elementor-element elementor-element-bae5d2f\" data-id=\"bae5d2f\" data-element_type=\"column\">\n\t\t\t<div class=\"elementor-widget-wrap elementor-element-populated\">\n\t\t\t\t\t\t<div class=\"elementor-element elementor-element-aa4d517 elementor-widget elementor-widget-text-editor\" data-id=\"aa4d517\" data-element_type=\"widget\" data-widget_type=\"text-editor.default\">\n\t\t\t\t<div class=\"elementor-widget-container\">\n\t\t\t\t\t\t\t\t\t<p><span style=\"color: #57585a;\"><a style=\"color: #57585a;\" href=\"https:\/\/schwanstain2434.live-website.com\/\" target=\"_blank\" rel=\"noopener\">HOME<\/a><\/span> \/ IMPRESSUM<\/p>\t\t\t\t\t\t\t\t<\/div>\n\t\t\t\t<\/div>\n\t\t\t\t\t<\/div>\n\t\t<\/div>\n\t\t\t\t\t<\/div>\n\t\t<\/section>\n\t\t\t\t<section class=\"elementor-section elementor-top-section elementor-element elementor-element-2fcf4d2 elementor-section-boxed elementor-section-height-default elementor-section-height-default\" data-id=\"2fcf4d2\" data-element_type=\"section\">\n\t\t\t\t\t\t<div class=\"elementor-container elementor-column-gap-default\">\n\t\t\t\t\t<div class=\"elementor-column elementor-col-100 elementor-top-column elementor-element elementor-element-51e954d\" data-id=\"51e954d\" data-element_type=\"column\">\n\t\t\t<div class=\"elementor-widget-wrap elementor-element-populated\">\n\t\t\t\t\t\t<div class=\"elementor-element elementor-element-f80ff70 elementor-widget elementor-widget-heading\" data-id=\"f80ff70\" data-element_type=\"widget\" data-widget_type=\"heading.default\">\n\t\t\t\t<div class=\"elementor-widget-container\">\n\t\t\t\t\t<h2 class=\"elementor-heading-title elementor-size-default\">IMPRESSUM:<\/h2>\t\t\t\t<\/div>\n\t\t\t\t<\/div>\n\t\t\t\t\t<\/div>\n\t\t<\/div>\n\t\t\t\t\t<\/div>\n\t\t<\/section>\n\t\t\t\t<section class=\"elementor-section elementor-top-section elementor-element elementor-element-27ea3720 elementor-section-boxed elementor-section-height-default elementor-section-height-default\" data-id=\"27ea3720\" data-element_type=\"section\" data-settings=\"{&quot;background_background&quot;:&quot;classic&quot;}\">\n\t\t\t\t\t\t<div class=\"elementor-container elementor-column-gap-default\">\n\t\t\t\t\t<div class=\"elementor-column elementor-col-100 elementor-top-column elementor-element elementor-element-6ebf467d\" data-id=\"6ebf467d\" data-element_type=\"column\">\n\t\t\t<div class=\"elementor-widget-wrap elementor-element-populated\">\n\t\t\t\t\t\t<div class=\"elementor-element elementor-element-629333d4 elementor-widget elementor-widget-text-editor\" data-id=\"629333d4\" data-element_type=\"widget\" data-widget_type=\"text-editor.default\">\n\t\t\t\t<div class=\"elementor-widget-container\">\n\t\t\t\t\t\t\t\t\t<p>Anbieterkennzeichnung und verantwortlich f\u00fcr den Inhalt:<\/p>\t\t\t\t\t\t\t\t<\/div>\n\t\t\t\t<\/div>\n\t\t\t\t<div class=\"elementor-element elementor-element-a7f3e14 elementor-widget elementor-widget-text-editor\" data-id=\"a7f3e14\" data-element_type=\"widget\" data-widget_type=\"text-editor.default\">\n\t\t\t\t<div class=\"elementor-widget-container\">\n\t\t\t\t\t\t\t\t\t<p><span style=\"color: #e87f2d;\">Schwanstain Werbemittel<br \/><\/span>Am Torsee 2 . 96132 Schl\u00fcsselfeld<\/p><p>\u00a0<\/p><p>Telefon: 09552 9311300<\/p><p>Email: hallo@schwanstain.de<br \/>Internet: www.schwanstain.de<\/p>\t\t\t\t\t\t\t\t<\/div>\n\t\t\t\t<\/div>\n\t\t\t\t<div class=\"elementor-element elementor-element-44a822e elementor-widget elementor-widget-text-editor\" data-id=\"44a822e\" data-element_type=\"widget\" data-widget_type=\"text-editor.default\">\n\t\t\t\t<div class=\"elementor-widget-container\">\n\t\t\t\t\t\t\t\t\t<p>Gesch\u00e4ftsbereich der<\/p>\t\t\t\t\t\t\t\t<\/div>\n\t\t\t\t<\/div>\n\t\t\t\t<div class=\"elementor-element elementor-element-8c2c09a elementor-widget elementor-widget-image\" data-id=\"8c2c09a\" data-element_type=\"widget\" data-widget_type=\"image.default\">\n\t\t\t\t<div class=\"elementor-widget-container\">\n\t\t\t\t\t\t\t\t\t\t\t\t\t\t\t<img fetchpriority=\"high\" decoding=\"async\" width=\"2055\" height=\"337\" src=\"https:\/\/schwanstain.de\/wp-content\/uploads\/2026\/01\/BRDLIK-LOGO-2026_finalzwtransp.png\" class=\"attachment-full size-full wp-image-4231\" alt=\"\" srcset=\"https:\/\/schwanstain.de\/wp-content\/uploads\/2026\/01\/BRDLIK-LOGO-2026_finalzwtransp.png 2055w, https:\/\/schwanstain.de\/wp-content\/uploads\/2026\/01\/BRDLIK-LOGO-2026_finalzwtransp-300x49.png 300w, https:\/\/schwanstain.de\/wp-content\/uploads\/2026\/01\/BRDLIK-LOGO-2026_finalzwtransp-1024x168.png 1024w, https:\/\/schwanstain.de\/wp-content\/uploads\/2026\/01\/BRDLIK-LOGO-2026_finalzwtransp-768x126.png 768w, https:\/\/schwanstain.de\/wp-content\/uploads\/2026\/01\/BRDLIK-LOGO-2026_finalzwtransp-1536x252.png 1536w, https:\/\/schwanstain.de\/wp-content\/uploads\/2026\/01\/BRDLIK-LOGO-2026_finalzwtransp-2048x336.png 2048w, https:\/\/schwanstain.de\/wp-content\/uploads\/2026\/01\/BRDLIK-LOGO-2026_finalzwtransp-18x3.png 18w\" sizes=\"(max-width: 2055px) 100vw, 2055px\" title=\"\">\t\t\t\t\t\t\t\t\t\t\t\t\t\t\t<\/div>\n\t\t\t\t<\/div>\n\t\t\t\t<div class=\"elementor-element elementor-element-b0cdc5c elementor-widget elementor-widget-text-editor\" data-id=\"b0cdc5c\" data-element_type=\"widget\" data-widget_type=\"text-editor.default\">\n\t\t\t\t<div class=\"elementor-widget-container\">\n\t\t\t\t\t\t\t\t\t<p>Brdlik communication design GmbH<br \/>Am Giltholz 19 . 97318 Kitzingen<\/p><p>Internet: <a href=\"https:\/\/www.brdlik.de\/\" target=\"_blank\" rel=\"noopener\">www.brdlik.de<\/a><\/p><p>\u00a0<\/p><p style=\"font-weight: 400;\">Gesch\u00e4ftsf\u00fchrer: Philip Brdlik<\/p><p style=\"font-weight: 400;\">E-Mail: info@brdlik.de<\/p><p><span style=\"font-weight: 400;\">www.brdlik.de<\/span><\/p><p><span style=\"font-weight: 400;\">\u00a0<\/span><\/p><p style=\"font-weight: 400;\">Ust-IdNr. DE276446682<\/p><p><span style=\"font-weight: 400;\">Amtsgericht W\u00fcrzburg, HRB 11040<\/span><\/p>\t\t\t\t\t\t\t\t<\/div>\n\t\t\t\t<\/div>\n\t\t\t\t<div class=\"elementor-element elementor-element-59ebecc9 elementor-widget elementor-widget-text-editor\" data-id=\"59ebecc9\" data-element_type=\"widget\" data-widget_type=\"text-editor.default\">\n\t\t\t\t<div class=\"elementor-widget-container\">\n\t\t\t\t\t\t\t\t\t<p>Haftung f\u00fcr Inhalte<\/p>\t\t\t\t\t\t\t\t<\/div>\n\t\t\t\t<\/div>\n\t\t\t\t<div class=\"elementor-element elementor-element-6736cc3 elementor-widget elementor-widget-text-editor\" data-id=\"6736cc3\" data-element_type=\"widget\" data-widget_type=\"text-editor.default\">\n\t\t\t\t<div class=\"elementor-widget-container\">\n\t\t\t\t\t\t\t\t\t<p>Als Diensteanbieter sind wir gem\u00e4\u00df \u00a7 7 Abs.1 TMG f\u00fcr eigene Inhalte auf diesen Seiten nach den allgemeinen Gesetzen verantwortlich. Nach \u00a7\u00a7 8 bis 10 TMG sind wir als Diensteanbieter jedoch nicht verpflichtet, \u00fcbermittelte oder gespeicherte fremde Informationen zu \u00fcberwachen oder nach Umst\u00e4nden zu forschen, die auf eine rechtswidrige T\u00e4tigkeit hinweisen.<\/p><p>Verpflichtungen zur Entfernung oder Sperrung der Nutzung von Informationen nach den allgemeinen Gesetzen bleiben hiervon unber\u00fchrt. Eine diesbez\u00fcgliche Haftung ist jedoch erst ab dem Zeitpunkt der Kenntnis einer konkreten Rechtsverletzung m\u00f6glich. Bei Bekanntwerden von entsprechenden Rechtsverletzungen werden wir diese Inhalte umgehend entfernen.<\/p>\t\t\t\t\t\t\t\t<\/div>\n\t\t\t\t<\/div>\n\t\t\t\t<div class=\"elementor-element elementor-element-62290264 elementor-widget elementor-widget-text-editor\" data-id=\"62290264\" data-element_type=\"widget\" data-widget_type=\"text-editor.default\">\n\t\t\t\t<div class=\"elementor-widget-container\">\n\t\t\t\t\t\t\t\t\t<p>Haftung f\u00fcr Links<\/p>\t\t\t\t\t\t\t\t<\/div>\n\t\t\t\t<\/div>\n\t\t\t\t<div class=\"elementor-element elementor-element-3a79eb18 elementor-widget elementor-widget-text-editor\" data-id=\"3a79eb18\" data-element_type=\"widget\" data-widget_type=\"text-editor.default\">\n\t\t\t\t<div class=\"elementor-widget-container\">\n\t\t\t\t\t\t\t\t\t<p>Unser Angebot enth\u00e4lt Links zu externen Websites Dritter, auf deren Inhalte wir keinen Einfluss haben. Deshalb k\u00f6nnen wir f\u00fcr diese fremden Inhalte auch keine Gew\u00e4hr \u00fcbernehmen. F\u00fcr die Inhalte der verlinkten Seiten ist stets der jeweilige Anbieter oder Betreiber der Seiten verantwortlich. Die verlinkten Seiten wurden zum Zeitpunkt der Verlinkung auf m\u00f6gliche Rechtsverst\u00f6\u00dfe \u00fcberpr\u00fcft. Rechtswidrige Inhalte waren zum Zeitpunkt der Verlinkung nicht erkennbar.<\/p><p>Eine permanente inhaltliche Kontrolle der verlinkten Seiten ist jedoch ohne konkrete Anhaltspunkte einer Rechtsverletzung nicht zumutbar. Bei Bekanntwerden von Rechtsverletzungen werden wir derartige Links umgehend entfernen.<\/p>\t\t\t\t\t\t\t\t<\/div>\n\t\t\t\t<\/div>\n\t\t\t\t<div class=\"elementor-element elementor-element-241879bb elementor-widget elementor-widget-text-editor\" data-id=\"241879bb\" data-element_type=\"widget\" data-widget_type=\"text-editor.default\">\n\t\t\t\t<div class=\"elementor-widget-container\">\n\t\t\t\t\t\t\t\t\t<p>Urheberrecht<\/p>\t\t\t\t\t\t\t\t<\/div>\n\t\t\t\t<\/div>\n\t\t\t\t<div class=\"elementor-element elementor-element-65249fc0 elementor-widget elementor-widget-text-editor\" data-id=\"65249fc0\" data-element_type=\"widget\" data-widget_type=\"text-editor.default\">\n\t\t\t\t<div class=\"elementor-widget-container\">\n\t\t\t\t\t\t\t\t\t<p>Die durch die Seitenbetreiber erstellten Inhalte und Werke auf diesen Seiten unterliegen dem deutschen Urheberrecht. Die Vervielf\u00e4ltigung, Bearbeitung, Verbreitung und jede Art der Verwertung au\u00dferhalb der Grenzen des Urheberrechtes bed\u00fcrfen der schriftlichen Zustimmung des jeweiligen Autors bzw. Erstellers. Downloads und Kopien dieser Seite sind nur f\u00fcr den privaten, nicht kommerziellen Gebrauch gestattet.<\/p><p>Soweit die Inhalte auf dieser Seite nicht vom Betreiber erstellt wurden, werden die Urheberrechte Dritter beachtet. Insbesondere werden Inhalte Dritter als solche gekennzeichnet. Sollten Sie trotzdem auf eine Urheberrechtsverletzung aufmerksam werden, bitten wir um einen entsprechenden Hinweis. Bei Bekanntwerden von Rechtsverletzungen werden wir derartige Inhalte umgehend entfernen.<\/p>\t\t\t\t\t\t\t\t<\/div>\n\t\t\t\t<\/div>\n\t\t\t\t\t<\/div>\n\t\t<\/div>\n\t\t\t\t\t<\/div>\n\t\t<\/section>\n\t\t\t\t<\/div>\n\t\t","protected":false},"excerpt":{"rendered":"<p>HOME \/ IMPRESSUM IMPRESSUM: Anbieterkennzeichnung und verantwortlich f\u00fcr den Inhalt: Schwanstain WerbemittelAm Torsee 2 . 96132 Schl\u00fcsselfeld \u00a0 Telefon: 09552 9311300 Email: hallo@schwanstain.deInternet: www.schwanstain.de Gesch\u00e4ftsbereich der Brdlik communication design GmbHAm Giltholz 19 . 97318 Kitzingen Internet: www.brdlik.de \u00a0 Gesch\u00e4ftsf\u00fchrer: Philip Brdlik E-Mail: info@brdlik.de www.brdlik.de \u00a0 Ust-IdNr. DE276446682 Amtsgericht W\u00fcrzburg, HRB 11040 Haftung f\u00fcr Inhalte Als [&hellip;]<\/p>\n","protected":false},"author":1,"featured_media":0,"parent":0,"menu_order":0,"comment_status":"closed","ping_status":"closed","template":"elementor_header_footer","meta":{"footnotes":""},"class_list":["post-30","page","type-page","status-publish","hentry"],"_links":{"self":[{"href":"https:\/\/schwanstain.de\/de\/wp-json\/wp\/v2\/pages\/30","targetHints":{"allow":["GET"]}}],"collection":[{"href":"https:\/\/schwanstain.de\/de\/wp-json\/wp\/v2\/pages"}],"about":[{"href":"https:\/\/schwanstain.de\/de\/wp-json\/wp\/v2\/types\/page"}],"author":[{"embeddable":true,"href":"https:\/\/schwanstain.de\/de\/wp-json\/wp\/v2\/users\/1"}],"replies":[{"embeddable":true,"href":"https:\/\/schwanstain.de\/de\/wp-json\/wp\/v2\/comments?post=30"}],"version-history":[{"count":74,"href":"https:\/\/schwanstain.de\/de\/wp-json\/wp\/v2\/pages\/30\/revisions"}],"predecessor-version":[{"id":4459,"href":"https:\/\/schwanstain.de\/de\/wp-json\/wp\/v2\/pages\/30\/revisions\/4459"}],"wp:attachment":[{"href":"https:\/\/schwanstain.de\/de\/wp-json\/wp\/v2\/media?parent=30"}],"curies":[{"name":"wp","href":"https:\/\/api.w.org\/{rel}","templated":true}]}}