{"id":651,"date":"2024-09-06T12:56:43","date_gmt":"2024-09-06T12:56:43","guid":{"rendered":"https:\/\/schwanstain2434.live-website.com\/?page_id=651"},"modified":"2025-09-30T14:26:53","modified_gmt":"2025-09-30T14:26:53","slug":"10-gute-grunde","status":"publish","type":"page","link":"https:\/\/schwanstain.de\/en\/10-gute-grunde\/","title":{"rendered":"10 GUTE GR\u00dcNDE"},"content":{"rendered":"<div data-elementor-type=\"wp-page\" data-elementor-id=\"651\" class=\"elementor elementor-651\" data-elementor-post-type=\"page\">\n\t\t\t\t\t\t<section class=\"elementor-section elementor-top-section elementor-element elementor-element-4d1becc elementor-section-boxed elementor-section-height-default elementor-section-height-default\" data-id=\"4d1becc\" data-element_type=\"section\">\n\t\t\t\t\t\t<div class=\"elementor-container elementor-column-gap-default\">\n\t\t\t\t\t<div class=\"elementor-column elementor-col-100 elementor-top-column elementor-element elementor-element-38cedb8\" data-id=\"38cedb8\" data-element_type=\"column\">\n\t\t\t<div class=\"elementor-widget-wrap elementor-element-populated\">\n\t\t\t\t\t\t<div class=\"elementor-element elementor-element-607f882 elementor-widget elementor-widget-text-editor\" data-id=\"607f882\" data-element_type=\"widget\" data-widget_type=\"text-editor.default\">\n\t\t\t\t<div class=\"elementor-widget-container\">\n\t\t\t\t\t\t\t\t\t<p><span style=\"color: #57585a;\"><a style=\"color: #57585a;\" href=\"https:\/\/schwanstain.de\/en\/\">HOME<\/a><\/span> \/ RUND UM DAS UNTERNEHMEN &#8211; 10 GUTE GR\u00dcNDE<\/p>\t\t\t\t\t\t\t\t<\/div>\n\t\t\t\t<\/div>\n\t\t\t\t\t<\/div>\n\t\t<\/div>\n\t\t\t\t\t<\/div>\n\t\t<\/section>\n\t\t\t\t<section class=\"elementor-section elementor-top-section elementor-element elementor-element-0210852 elementor-section-boxed elementor-section-height-default elementor-section-height-default\" data-id=\"0210852\" data-element_type=\"section\">\n\t\t\t\t\t\t<div class=\"elementor-container elementor-column-gap-default\">\n\t\t\t\t\t<div class=\"elementor-column elementor-col-33 elementor-top-column elementor-element elementor-element-b61cd6e\" data-id=\"b61cd6e\" data-element_type=\"column\">\n\t\t\t<div class=\"elementor-widget-wrap elementor-element-populated\">\n\t\t\t\t\t\t<div class=\"elementor-element elementor-element-def524d elementor-widget elementor-widget-image\" data-id=\"def524d\" data-element_type=\"widget\" data-widget_type=\"image.default\">\n\t\t\t\t<div class=\"elementor-widget-container\">\n\t\t\t\t\t\t\t\t\t\t\t\t\t\t\t<img fetchpriority=\"high\" decoding=\"async\" width=\"2375\" height=\"1734\" src=\"https:\/\/schwanstain.de\/wp-content\/uploads\/2024\/09\/Herz_Hintergund.jpg\" class=\"attachment-full size-full wp-image-970\" alt=\"schwanstain 10 GUTE GR\u00dcNDE KOMM ZU UNS\" srcset=\"https:\/\/schwanstain.de\/wp-content\/uploads\/2024\/09\/Herz_Hintergund.jpg 2375w, https:\/\/schwanstain.de\/wp-content\/uploads\/2024\/09\/Herz_Hintergund-300x219.jpg 300w, https:\/\/schwanstain.de\/wp-content\/uploads\/2024\/09\/Herz_Hintergund-1024x748.jpg 1024w, https:\/\/schwanstain.de\/wp-content\/uploads\/2024\/09\/Herz_Hintergund-768x561.jpg 768w, https:\/\/schwanstain.de\/wp-content\/uploads\/2024\/09\/Herz_Hintergund-1536x1121.jpg 1536w, https:\/\/schwanstain.de\/wp-content\/uploads\/2024\/09\/Herz_Hintergund-2048x1495.jpg 2048w\" sizes=\"(max-width: 2375px) 100vw, 2375px\" title=\"\">\t\t\t\t\t\t\t\t\t\t\t\t\t\t\t<\/div>\n\t\t\t\t<\/div>\n\t\t\t\t\t<\/div>\n\t\t<\/div>\n\t\t\t\t<div class=\"elementor-column elementor-col-66 elementor-top-column elementor-element elementor-element-68c6b00\" data-id=\"68c6b00\" data-element_type=\"column\">\n\t\t\t<div class=\"elementor-widget-wrap elementor-element-populated\">\n\t\t\t\t\t\t<div class=\"elementor-element elementor-element-3124370 elementor-widget elementor-widget-heading\" data-id=\"3124370\" data-element_type=\"widget\" data-widget_type=\"heading.default\">\n\t\t\t\t<div class=\"elementor-widget-container\">\n\t\t\t\t\t<h1 class=\"elementor-heading-title elementor-size-default\">DAS SIND SCHON MAL 9 VORAB<\/h1>\t\t\t\t<\/div>\n\t\t\t\t<\/div>\n\t\t\t\t<div class=\"elementor-element elementor-element-ef915f6 elementor-widget elementor-widget-text-editor\" data-id=\"ef915f6\" data-element_type=\"widget\" data-widget_type=\"text-editor.default\">\n\t\t\t\t<div class=\"elementor-widget-container\">\n\t\t\t\t\t\t\t\t\t<p>Wir sind nicht nur Werbemittel-Lieferanten\u00a0<\/p><p>Wir sind Familie\u00a0<\/p><p>Wir sind TEAM\u00a0<\/p><p>Wir unterst\u00fctzen regionale Unternehmen\u00a0<\/p><p>Wir spenden\u00a0<\/p><p>Wir wachsen\u00a0<\/p><p>Wir werden jeden Tag besser\u00a0<\/p><p>Wir schenken Freude\u00a0<\/p><p>Wir sind SCHWANSTAIN<\/p>\t\t\t\t\t\t\t\t<\/div>\n\t\t\t\t<\/div>\n\t\t\t\t\t<\/div>\n\t\t<\/div>\n\t\t\t\t\t<\/div>\n\t\t<\/section>\n\t\t\t\t<section class=\"elementor-section elementor-top-section elementor-element elementor-element-567acd1 elementor-section-boxed elementor-section-height-default elementor-section-height-default\" data-id=\"567acd1\" data-element_type=\"section\">\n\t\t\t\t\t\t<div class=\"elementor-container elementor-column-gap-default\">\n\t\t\t\t\t<div class=\"elementor-column elementor-col-100 elementor-top-column elementor-element elementor-element-0dece7c\" data-id=\"0dece7c\" data-element_type=\"column\">\n\t\t\t<div class=\"elementor-widget-wrap elementor-element-populated\">\n\t\t\t\t\t\t<div class=\"elementor-element elementor-element-095b00a elementor-widget elementor-widget-heading\" data-id=\"095b00a\" data-element_type=\"widget\" data-widget_type=\"heading.default\">\n\t\t\t\t<div class=\"elementor-widget-container\">\n\t\t\t\t\t<h2 class=\"elementor-heading-title elementor-size-default\">DAS SIND SIE<br>\n<font color=\"#57585a\">DIE 10 GUTE GR\u00dcNDE.<\/font><\/h2>\t\t\t\t<\/div>\n\t\t\t\t<\/div>\n\t\t\t\t\t<\/div>\n\t\t<\/div>\n\t\t\t\t\t<\/div>\n\t\t<\/section>\n\t\t\t\t<section class=\"elementor-section elementor-top-section elementor-element elementor-element-8585b89 elementor-section-boxed elementor-section-height-default elementor-section-height-default\" data-id=\"8585b89\" data-element_type=\"section\">\n\t\t\t\t\t\t<div class=\"elementor-container elementor-column-gap-default\">\n\t\t\t\t\t<div class=\"elementor-column elementor-col-50 elementor-top-column elementor-element elementor-element-0fb4889\" data-id=\"0fb4889\" data-element_type=\"column\">\n\t\t\t<div class=\"elementor-widget-wrap elementor-element-populated\">\n\t\t\t\t\t\t<div class=\"elementor-element elementor-element-7d9f2fe elementor-widget elementor-widget-text-editor\" data-id=\"7d9f2fe\" data-element_type=\"widget\" data-widget_type=\"text-editor.default\">\n\t\t\t\t<div class=\"elementor-widget-container\">\n\t\t\t\t\t\t\t\t\t<p>Das musst Du schon an 2 H\u00e4nden abz\u00e4hlen ..<\/p>\t\t\t\t\t\t\t\t<\/div>\n\t\t\t\t<\/div>\n\t\t\t\t<div class=\"elementor-element elementor-element-0399f23 elementor-hidden-desktop elementor-widget elementor-widget-image\" data-id=\"0399f23\" data-element_type=\"widget\" data-widget_type=\"image.default\">\n\t\t\t\t<div class=\"elementor-widget-container\">\n\t\t\t\t\t\t\t\t\t\t\t\t\t\t\t<img decoding=\"async\" width=\"3282\" height=\"2402\" src=\"https:\/\/schwanstain.de\/wp-content\/uploads\/2024\/10\/HAnds_NEU.png\" class=\"attachment-full size-full wp-image-1466\" alt=\"hands\" srcset=\"https:\/\/schwanstain.de\/wp-content\/uploads\/2024\/10\/HAnds_NEU.png 3282w, https:\/\/schwanstain.de\/wp-content\/uploads\/2024\/10\/HAnds_NEU-300x220.png 300w, https:\/\/schwanstain.de\/wp-content\/uploads\/2024\/10\/HAnds_NEU-1024x749.png 1024w, https:\/\/schwanstain.de\/wp-content\/uploads\/2024\/10\/HAnds_NEU-768x562.png 768w, https:\/\/schwanstain.de\/wp-content\/uploads\/2024\/10\/HAnds_NEU-1536x1124.png 1536w, https:\/\/schwanstain.de\/wp-content\/uploads\/2024\/10\/HAnds_NEU-2048x1499.png 2048w\" sizes=\"(max-width: 3282px) 100vw, 3282px\" title=\"\">\t\t\t\t\t\t\t\t\t\t\t\t\t\t\t<\/div>\n\t\t\t\t<\/div>\n\t\t\t\t<div class=\"elementor-element elementor-element-49bd247 elementor-widget elementor-widget-text-editor\" data-id=\"49bd247\" data-element_type=\"widget\" data-widget_type=\"text-editor.default\">\n\t\t\t\t<div class=\"elementor-widget-container\">\n\t\t\t\t\t\t\t\t\t<p><b>1. Familienunternehmen<\/b><\/p><p>Klein, aber sehr fein. Wir gehen langfristige Partnerschaften ein. Mit unseren Lieferpartnern, Mitarbeitern und Dir. Bei uns ist Deine \u201eChefbehandlung\u201c noch an der Tagesordnung. Wir sind nicht nur intern \u201eper Du\u201c.<\/p>\t\t\t\t\t\t\t\t<\/div>\n\t\t\t\t<\/div>\n\t\t\t\t<div class=\"elementor-element elementor-element-a0fd732 elementor-widget elementor-widget-text-editor\" data-id=\"a0fd732\" data-element_type=\"widget\" data-widget_type=\"text-editor.default\">\n\t\t\t\t<div class=\"elementor-widget-container\">\n\t\t\t\t\t\t\t\t\t<p><b>2. Wir haben sie alle<\/b><\/p><p>Von Markenartikeln bis No-Name Perlen, regionale und internationale Verkaufsschlager, Trends und Klassiker. Ok, auch alte Socken. Eben alles was das Herz begehrt. Wir sind Mitglied im Verband der Werbemittelh\u00e4ndler, daher liefern wir Qualit\u00e4t und faire Preise.<\/p>\t\t\t\t\t\t\t\t<\/div>\n\t\t\t\t<\/div>\n\t\t\t\t<div class=\"elementor-element elementor-element-4b0d1ea elementor-widget elementor-widget-text-editor\" data-id=\"4b0d1ea\" data-element_type=\"widget\" data-widget_type=\"text-editor.default\">\n\t\t\t\t<div class=\"elementor-widget-container\">\n\t\t\t\t\t\t\t\t\t<p><b>3. Wir brennen f\u00fcr Dich<\/b><\/p><p>Wir kennen Dich. Unsere Bedarfsanalyse richtet sich nach Deinen Begehren. Pers\u00f6nliche, individuelle Beratung. Individuelle L\u00f6sungen. Ohne Wenn und Aber. Ja, nenn uns ruhig engagiert und leidenschaftlich.<\/p>\t\t\t\t\t\t\t\t<\/div>\n\t\t\t\t<\/div>\n\t\t\t\t<div class=\"elementor-element elementor-element-b2f93b3 elementor-widget elementor-widget-text-editor\" data-id=\"b2f93b3\" data-element_type=\"widget\" data-widget_type=\"text-editor.default\">\n\t\t\t\t<div class=\"elementor-widget-container\">\n\t\t\t\t\t\t\t\t\t<p><b>4. Wir leben Service<\/b><\/p><p>Nein, nicht das was Du wieder denkst! Wirklich, unser Service ist echt, kein Lippenbekenntnis. 365 Tage im Jahr erreichbar. Keine Hotline. Engagierte Mitarbeiter. Du kannst dich auf unser Wort verlassen.<\/p>\t\t\t\t\t\t\t\t<\/div>\n\t\t\t\t<\/div>\n\t\t\t\t\t<\/div>\n\t\t<\/div>\n\t\t\t\t<div class=\"elementor-column elementor-col-50 elementor-top-column elementor-element elementor-element-be75a0a\" data-id=\"be75a0a\" data-element_type=\"column\">\n\t\t\t<div class=\"elementor-widget-wrap elementor-element-populated\">\n\t\t\t\t\t\t<div class=\"elementor-element elementor-element-28ae64a elementor-hidden-tablet elementor-hidden-mobile elementor-widget elementor-widget-image\" data-id=\"28ae64a\" data-element_type=\"widget\" data-widget_type=\"image.default\">\n\t\t\t\t<div class=\"elementor-widget-container\">\n\t\t\t\t\t\t\t\t\t\t\t\t\t\t\t<img decoding=\"async\" width=\"3282\" height=\"2402\" src=\"https:\/\/schwanstain.de\/wp-content\/uploads\/2024\/10\/HAnds_NEU.png\" class=\"attachment-full size-full wp-image-1466\" alt=\"hands\" srcset=\"https:\/\/schwanstain.de\/wp-content\/uploads\/2024\/10\/HAnds_NEU.png 3282w, https:\/\/schwanstain.de\/wp-content\/uploads\/2024\/10\/HAnds_NEU-300x220.png 300w, https:\/\/schwanstain.de\/wp-content\/uploads\/2024\/10\/HAnds_NEU-1024x749.png 1024w, https:\/\/schwanstain.de\/wp-content\/uploads\/2024\/10\/HAnds_NEU-768x562.png 768w, https:\/\/schwanstain.de\/wp-content\/uploads\/2024\/10\/HAnds_NEU-1536x1124.png 1536w, https:\/\/schwanstain.de\/wp-content\/uploads\/2024\/10\/HAnds_NEU-2048x1499.png 2048w\" sizes=\"(max-width: 3282px) 100vw, 3282px\" title=\"\">\t\t\t\t\t\t\t\t\t\t\t\t\t\t\t<\/div>\n\t\t\t\t<\/div>\n\t\t\t\t\t<\/div>\n\t\t<\/div>\n\t\t\t\t\t<\/div>\n\t\t<\/section>\n\t\t\t\t<section class=\"elementor-section elementor-top-section elementor-element elementor-element-9b0ab25 elementor-section-boxed elementor-section-height-default elementor-section-height-default\" data-id=\"9b0ab25\" data-element_type=\"section\">\n\t\t\t\t\t\t<div class=\"elementor-container elementor-column-gap-default\">\n\t\t\t\t\t<div class=\"elementor-column elementor-col-100 elementor-top-column elementor-element elementor-element-b209e5a\" data-id=\"b209e5a\" data-element_type=\"column\">\n\t\t\t<div class=\"elementor-widget-wrap elementor-element-populated\">\n\t\t\t\t\t\t<div class=\"elementor-element elementor-element-e17e31c elementor-widget elementor-widget-text-editor\" data-id=\"e17e31c\" data-element_type=\"widget\" data-widget_type=\"text-editor.default\">\n\t\t\t\t<div class=\"elementor-widget-container\">\n\t\t\t\t\t\t\t\t\t<p><b>5. Kundenn\u00e4he<\/b><\/p><p>Wir sind da. Wo Du uns haben m\u00f6chtest. Bei Dir vor Ort oder in unserer <span style=\"color: #333333;\"><a style=\"color: #333333;\" href=\"https:\/\/maps.app.goo.gl\/GpUAXrpejRvh2XkK7\" target=\"_blank\" rel=\"noopener\">SCHWANSTAIN<\/a><\/span>-Welt.<\/p>\t\t\t\t\t\t\t\t<\/div>\n\t\t\t\t<\/div>\n\t\t\t\t<div class=\"elementor-element elementor-element-9b2af19 elementor-widget elementor-widget-text-editor\" data-id=\"9b2af19\" data-element_type=\"widget\" data-widget_type=\"text-editor.default\">\n\t\t\t\t<div class=\"elementor-widget-container\">\n\t\t\t\t\t\t\t\t\t<p><b>6. Wir sind schnell<\/b><\/p><p>Was? Deine Veranstaltung ist \u00fcbermorgen? Wir hatten die Ideen und das Angebot f\u00fcr Deine Werbeartikel schon vorgestern fertig. Ja, in Deinem Budget. Angebote verschicken wir innerhalb 24 Stunden \u2013 nicht der Rede wert.<\/p>\t\t\t\t\t\t\t\t<\/div>\n\t\t\t\t<\/div>\n\t\t\t\t<div class=\"elementor-element elementor-element-decf094 elementor-widget elementor-widget-text-editor\" data-id=\"decf094\" data-element_type=\"widget\" data-widget_type=\"text-editor.default\">\n\t\t\t\t<div class=\"elementor-widget-container\">\n\t\t\t\t\t\t\t\t\t<p><b>7. Wir glauben Dir<\/b><\/p><p>Eine Reklamation? Wir sind auf Deiner Seite! Schnelle, faire R\u00fccknahme, Nachbesserung und Gutschrift. Egal wieso. Egal wie oft. : )<\/p>\t\t\t\t\t\t\t\t<\/div>\n\t\t\t\t<\/div>\n\t\t\t\t<div class=\"elementor-element elementor-element-317f024 elementor-widget elementor-widget-text-editor\" data-id=\"317f024\" data-element_type=\"widget\" data-widget_type=\"text-editor.default\">\n\t\t\t\t<div class=\"elementor-widget-container\">\n\t\t\t\t\t\t\t\t\t<p><b>8. Wir erf\u00fcllen Deine W\u00fcnsche<\/b><\/p><p>Nat\u00fcrlich ist Qualit\u00e4t nicht immer alles. Manchmal ist es auch der Preis. Das wissen wir doch. Wir bieten Dir beste Qualit\u00e4t zum besseren Preis-Leistungsverh\u00e4ltnis. Das ganze Jahr haben wir wechselnde Angebote zu attraktiven Preisen.<\/p>\t\t\t\t\t\t\t\t<\/div>\n\t\t\t\t<\/div>\n\t\t\t\t<div class=\"elementor-element elementor-element-3538a06 elementor-widget elementor-widget-text-editor\" data-id=\"3538a06\" data-element_type=\"widget\" data-widget_type=\"text-editor.default\">\n\t\t\t\t<div class=\"elementor-widget-container\">\n\t\t\t\t\t\t\t\t\t<p><strong>9. Wir sind Dir treu<\/strong><\/p><p>Gro\u00dfkunde? Kleinkunde? ABC-Kunden? Kennen wir nicht! Deine Bed\u00fcrfnisse sind uns alle gleich wichtig. Wir melden uns bei Dir. Immer wieder!<\/p>\t\t\t\t\t\t\t\t<\/div>\n\t\t\t\t<\/div>\n\t\t\t\t<div class=\"elementor-element elementor-element-21bcf94 elementor-widget elementor-widget-text-editor\" data-id=\"21bcf94\" data-element_type=\"widget\" data-widget_type=\"text-editor.default\">\n\t\t\t\t<div class=\"elementor-widget-container\">\n\t\t\t\t\t\t\t\t\t<p><b>10. Darfs noch etwas mehr sein?<\/b><\/p><p>Jetzt aber: Wir erstellen Deine Logos, Druckdaten, Websiten und wenn es sein soll auch Deine Frisur. <br \/>Wir machen eben, dass es passt. Wir k\u00f6nnen das!<\/p>\t\t\t\t\t\t\t\t<\/div>\n\t\t\t\t<\/div>\n\t\t\t\t<div class=\"elementor-element elementor-element-72292bb elementor-widget elementor-widget-text-editor\" data-id=\"72292bb\" data-element_type=\"widget\" data-widget_type=\"text-editor.default\">\n\t\t\t\t<div class=\"elementor-widget-container\">\n\t\t\t\t\t\t\t\t\t<p>Versprochen!<\/p>\t\t\t\t\t\t\t\t<\/div>\n\t\t\t\t<\/div>\n\t\t\t\t\t<\/div>\n\t\t<\/div>\n\t\t\t\t\t<\/div>\n\t\t<\/section>\n\t\t\t\t<section class=\"elementor-section elementor-top-section elementor-element elementor-element-6f9135d elementor-section-boxed elementor-section-height-default elementor-section-height-default\" data-id=\"6f9135d\" data-element_type=\"section\">\n\t\t\t\t\t\t<div class=\"elementor-container elementor-column-gap-default\">\n\t\t\t\t\t<div class=\"elementor-column elementor-col-33 elementor-top-column elementor-element elementor-element-4247a15\" data-id=\"4247a15\" data-element_type=\"column\">\n\t\t\t<div class=\"elementor-widget-wrap elementor-element-populated\">\n\t\t\t\t\t\t<div class=\"elementor-element elementor-element-697d008 elementor-widget elementor-widget-image\" data-id=\"697d008\" data-element_type=\"widget\" data-widget_type=\"image.default\">\n\t\t\t\t<div class=\"elementor-widget-container\">\n\t\t\t\t\t\t\t\t\t\t\t\t\t\t\t\t<a href=\"https:\/\/schwanstain.de\/en\/fur-was-wir-stehen\/\">\n\t\t\t\t\t\t\t<img decoding=\"async\" width=\"939\" height=\"399\" src=\"https:\/\/schwanstain.de\/wp-content\/uploads\/2024\/08\/heart.jpg\" class=\"attachment-full size-full wp-image-232\" alt=\"heart\" srcset=\"https:\/\/schwanstain.de\/wp-content\/uploads\/2024\/08\/heart.jpg 939w, https:\/\/schwanstain.de\/wp-content\/uploads\/2024\/08\/heart-300x127.jpg 300w, https:\/\/schwanstain.de\/wp-content\/uploads\/2024\/08\/heart-768x326.jpg 768w\" sizes=\"(max-width: 939px) 100vw, 939px\" title=\"\">\t\t\t\t\t\t\t\t<\/a>\n\t\t\t\t\t\t\t\t\t\t\t\t\t\t\t<\/div>\n\t\t\t\t<\/div>\n\t\t\t\t<div class=\"elementor-element elementor-element-9e871b6 elementor-widget elementor-widget-heading\" data-id=\"9e871b6\" data-element_type=\"widget\" data-widget_type=\"heading.default\">\n\t\t\t\t<div class=\"elementor-widget-container\">\n\t\t\t\t\t<h2 class=\"elementor-heading-title elementor-size-default\"><a href=\"https:\/\/schwanstain.de\/en\/fur-was-wir-stehen\/\">WAS UNS BEWEGT<\/a><\/h2>\t\t\t\t<\/div>\n\t\t\t\t<\/div>\n\t\t\t\t<div class=\"elementor-element elementor-element-abe620b elementor-widget__width-auto elementor-widget-mobile__width-inherit elementor-widget elementor-widget-text-editor\" data-id=\"abe620b\" data-element_type=\"widget\" data-widget_type=\"text-editor.default\">\n\t\t\t\t<div class=\"elementor-widget-container\">\n\t\t\t\t\t\t\t\t\t<p>und wir f\u00fcr wichtig erachten&#8230;<\/p>\t\t\t\t\t\t\t\t<\/div>\n\t\t\t\t<\/div>\n\t\t\t\t<div class=\"elementor-element elementor-element-64d718a elementor-widget__width-auto elementor-view-default elementor-widget elementor-widget-icon\" data-id=\"64d718a\" data-element_type=\"widget\" data-widget_type=\"icon.default\">\n\t\t\t\t<div class=\"elementor-widget-container\">\n\t\t\t\t\t\t\t<div class=\"elementor-icon-wrapper\">\n\t\t\t<a class=\"elementor-icon\" href=\"https:\/\/schwanstain.de\/en\/fur-was-wir-stehen\/\">\n\t\t\t<i aria-hidden=\"true\" class=\"ti-arrow-top-right\"><\/i>\t\t\t<\/a>\n\t\t<\/div>\n\t\t\t\t\t\t<\/div>\n\t\t\t\t<\/div>\n\t\t\t\t\t<\/div>\n\t\t<\/div>\n\t\t\t\t<div class=\"elementor-column elementor-col-33 elementor-top-column elementor-element elementor-element-64de235\" data-id=\"64de235\" data-element_type=\"column\">\n\t\t\t<div class=\"elementor-widget-wrap elementor-element-populated\">\n\t\t\t\t\t\t<div class=\"elementor-element elementor-element-714d00e elementor-widget elementor-widget-image\" data-id=\"714d00e\" data-element_type=\"widget\" data-widget_type=\"image.default\">\n\t\t\t\t<div class=\"elementor-widget-container\">\n\t\t\t\t\t\t\t\t\t\t\t\t\t\t\t\t<a href=\"https:\/\/schwanstain.de\/en\/komm-zu-uns\/\">\n\t\t\t\t\t\t\t<img loading=\"lazy\" decoding=\"async\" width=\"939\" height=\"399\" src=\"https:\/\/schwanstain.de\/wp-content\/uploads\/2024\/10\/cartoon-people.png\" class=\"attachment-full size-full wp-image-1667\" alt=\"cartoon\" srcset=\"https:\/\/schwanstain.de\/wp-content\/uploads\/2024\/10\/cartoon-people.png 939w, https:\/\/schwanstain.de\/wp-content\/uploads\/2024\/10\/cartoon-people-300x127.png 300w, https:\/\/schwanstain.de\/wp-content\/uploads\/2024\/10\/cartoon-people-768x326.png 768w\" sizes=\"(max-width: 939px) 100vw, 939px\" title=\"\">\t\t\t\t\t\t\t\t<\/a>\n\t\t\t\t\t\t\t\t\t\t\t\t\t\t\t<\/div>\n\t\t\t\t<\/div>\n\t\t\t\t<div class=\"elementor-element elementor-element-5a9c969 elementor-widget elementor-widget-heading\" data-id=\"5a9c969\" data-element_type=\"widget\" data-widget_type=\"heading.default\">\n\t\t\t\t<div class=\"elementor-widget-container\">\n\t\t\t\t\t<h2 class=\"elementor-heading-title elementor-size-default\"><a href=\"https:\/\/schwanstain.de\/en\/komm-zu-uns\/\">MIT UNS ARBEITEN?<\/a><\/h2>\t\t\t\t<\/div>\n\t\t\t\t<\/div>\n\t\t\t\t<div class=\"elementor-element elementor-element-a7fa751 elementor-widget__width-auto elementor-widget-mobile__width-inherit elementor-widget elementor-widget-text-editor\" data-id=\"a7fa751\" data-element_type=\"widget\" data-widget_type=\"text-editor.default\">\n\t\t\t\t<div class=\"elementor-widget-container\">\n\t\t\t\t\t\t\t\t\t<p>Schau Dir die Jobs an&#8230;\n<\/p>\t\t\t\t\t\t\t\t<\/div>\n\t\t\t\t<\/div>\n\t\t\t\t<div class=\"elementor-element elementor-element-0f9b9de elementor-widget__width-auto elementor-view-default elementor-widget elementor-widget-icon\" data-id=\"0f9b9de\" data-element_type=\"widget\" data-widget_type=\"icon.default\">\n\t\t\t\t<div class=\"elementor-widget-container\">\n\t\t\t\t\t\t\t<div class=\"elementor-icon-wrapper\">\n\t\t\t<a class=\"elementor-icon\" href=\"https:\/\/schwanstain.de\/en\/komm-zu-uns\/\">\n\t\t\t<i aria-hidden=\"true\" class=\"ti-arrow-top-right\"><\/i>\t\t\t<\/a>\n\t\t<\/div>\n\t\t\t\t\t\t<\/div>\n\t\t\t\t<\/div>\n\t\t\t\t\t<\/div>\n\t\t<\/div>\n\t\t\t\t<div class=\"elementor-column elementor-col-33 elementor-top-column elementor-element elementor-element-f20b4ab\" data-id=\"f20b4ab\" data-element_type=\"column\">\n\t\t\t<div class=\"elementor-widget-wrap elementor-element-populated\">\n\t\t\t\t\t\t<div class=\"elementor-element elementor-element-7abd9f0 elementor-widget elementor-widget-image\" data-id=\"7abd9f0\" data-element_type=\"widget\" data-widget_type=\"image.default\">\n\t\t\t\t<div class=\"elementor-widget-container\">\n\t\t\t\t\t\t\t\t\t\t\t\t\t\t\t\t<a href=\"https:\/\/schwanstain.de\/wp-content\/uploads\/2024\/11\/15-JAHRE-HINGABE_FINAL.pdf\" target=\"_blank\">\n\t\t\t\t\t\t\t<img loading=\"lazy\" decoding=\"async\" width=\"939\" height=\"399\" src=\"https:\/\/schwanstain.de\/wp-content\/uploads\/2024\/11\/schwanstain-logo-info.jpg\" class=\"attachment-full size-full wp-image-1871\" alt=\"schwanstain\" srcset=\"https:\/\/schwanstain.de\/wp-content\/uploads\/2024\/11\/schwanstain-logo-info.jpg 939w, https:\/\/schwanstain.de\/wp-content\/uploads\/2024\/11\/schwanstain-logo-info-300x127.jpg 300w, https:\/\/schwanstain.de\/wp-content\/uploads\/2024\/11\/schwanstain-logo-info-768x326.jpg 768w\" sizes=\"(max-width: 939px) 100vw, 939px\" title=\"\">\t\t\t\t\t\t\t\t<\/a>\n\t\t\t\t\t\t\t\t\t\t\t\t\t\t\t<\/div>\n\t\t\t\t<\/div>\n\t\t\t\t<div class=\"elementor-element elementor-element-02159d1 elementor-widget elementor-widget-heading\" data-id=\"02159d1\" data-element_type=\"widget\" data-widget_type=\"heading.default\">\n\t\t\t\t<div class=\"elementor-widget-container\">\n\t\t\t\t\t<h2 class=\"elementor-heading-title elementor-size-default\"><a href=\"https:\/\/schwanstain.de\/wp-content\/uploads\/2024\/11\/15-JAHRE-HINGABE_FINAL.pdf\" target=\"_blank\">2025 haben wir zu feiern!<\/a><\/h2>\t\t\t\t<\/div>\n\t\t\t\t<\/div>\n\t\t\t\t<div class=\"elementor-element elementor-element-5e3f244 elementor-widget__width-auto elementor-widget-mobile__width-inherit elementor-widget elementor-widget-text-editor\" data-id=\"5e3f244\" data-element_type=\"widget\" data-widget_type=\"text-editor.default\">\n\t\t\t\t<div class=\"elementor-widget-container\">\n\t\t\t\t\t\t\t\t\t<p>15 Jahre Schwanstain<\/p>\t\t\t\t\t\t\t\t<\/div>\n\t\t\t\t<\/div>\n\t\t\t\t<div class=\"elementor-element elementor-element-9464739 elementor-widget__width-auto elementor-view-default elementor-widget elementor-widget-icon\" data-id=\"9464739\" data-element_type=\"widget\" data-widget_type=\"icon.default\">\n\t\t\t\t<div class=\"elementor-widget-container\">\n\t\t\t\t\t\t\t<div class=\"elementor-icon-wrapper\">\n\t\t\t<a class=\"elementor-icon\" href=\"https:\/\/schwanstain.de\/wp-content\/uploads\/2024\/11\/15-JAHRE-HINGABE_FINAL.pdf\" target=\"_blank\">\n\t\t\t<i aria-hidden=\"true\" class=\"ti-arrow-top-right\"><\/i>\t\t\t<\/a>\n\t\t<\/div>\n\t\t\t\t\t\t<\/div>\n\t\t\t\t<\/div>\n\t\t\t\t\t<\/div>\n\t\t<\/div>\n\t\t\t\t\t<\/div>\n\t\t<\/section>\n\t\t\t\t<\/div>","protected":false},"excerpt":{"rendered":"<p>HOME \/ RUND UM DAS UNTERNEHMEN &#8211; 10 GUTE GR\u00dcNDE DAS SIND SCHON MAL 9 VORAB Wir sind nicht nur Werbemittel-Lieferanten\u00a0 Wir sind Familie\u00a0 Wir sind TEAM\u00a0 Wir unterst\u00fctzen regionale Unternehmen\u00a0 Wir spenden\u00a0 Wir wachsen\u00a0 Wir werden jeden Tag besser\u00a0 Wir schenken Freude\u00a0 Wir sind SCHWANSTAIN DAS SIND SIE DIE 10 GUTE GR\u00dcNDE. Das musst [&hellip;]<\/p>","protected":false},"author":1,"featured_media":0,"parent":0,"menu_order":0,"comment_status":"closed","ping_status":"closed","template":"elementor_header_footer","meta":{"footnotes":""},"class_list":["post-651","page","type-page","status-publish","hentry"],"_links":{"self":[{"href":"https:\/\/schwanstain.de\/en\/wp-json\/wp\/v2\/pages\/651","targetHints":{"allow":["GET"]}}],"collection":[{"href":"https:\/\/schwanstain.de\/en\/wp-json\/wp\/v2\/pages"}],"about":[{"href":"https:\/\/schwanstain.de\/en\/wp-json\/wp\/v2\/types\/page"}],"author":[{"embeddable":true,"href":"https:\/\/schwanstain.de\/en\/wp-json\/wp\/v2\/users\/1"}],"replies":[{"embeddable":true,"href":"https:\/\/schwanstain.de\/en\/wp-json\/wp\/v2\/comments?post=651"}],"version-history":[{"count":64,"href":"https:\/\/schwanstain.de\/en\/wp-json\/wp\/v2\/pages\/651\/revisions"}],"predecessor-version":[{"id":4144,"href":"https:\/\/schwanstain.de\/en\/wp-json\/wp\/v2\/pages\/651\/revisions\/4144"}],"wp:attachment":[{"href":"https:\/\/schwanstain.de\/en\/wp-json\/wp\/v2\/media?parent=651"}],"curies":[{"name":"wp","href":"https:\/\/api.w.org\/{rel}","templated":true}]}}