{"id":652,"date":"2024-09-06T12:56:58","date_gmt":"2024-09-06T12:56:58","guid":{"rendered":"https:\/\/schwanstain2434.live-website.com\/?page_id=652"},"modified":"2025-09-30T14:32:13","modified_gmt":"2025-09-30T14:32:13","slug":"fur-was-wir-stehen","status":"publish","type":"page","link":"https:\/\/schwanstain.de\/en\/fur-was-wir-stehen\/","title":{"rendered":"F\u00dcR WAS WIR STEHEN"},"content":{"rendered":"<div data-elementor-type=\"wp-page\" data-elementor-id=\"652\" class=\"elementor elementor-652\" data-elementor-post-type=\"page\">\n\t\t\t\t\t\t<section class=\"elementor-section elementor-top-section elementor-element elementor-element-e3fbce8 elementor-section-boxed elementor-section-height-default elementor-section-height-default\" data-id=\"e3fbce8\" data-element_type=\"section\">\n\t\t\t\t\t\t<div class=\"elementor-container elementor-column-gap-default\">\n\t\t\t\t\t<div class=\"elementor-column elementor-col-100 elementor-top-column elementor-element elementor-element-7429a6d\" data-id=\"7429a6d\" data-element_type=\"column\">\n\t\t\t<div class=\"elementor-widget-wrap elementor-element-populated\">\n\t\t\t\t\t\t<div class=\"elementor-element elementor-element-0c97533 elementor-widget elementor-widget-text-editor\" data-id=\"0c97533\" data-element_type=\"widget\" data-widget_type=\"text-editor.default\">\n\t\t\t\t<div class=\"elementor-widget-container\">\n\t\t\t\t\t\t\t\t\t<p><span style=\"color: #57585a;\"><a style=\"color: #57585a;\" href=\"https:\/\/schwanstain.de\/en\/\">HOME<\/a><\/span> \/ RUND UM DAS UNTERNEHMEN &#8211; F<span style=\"color: var( --e-global-color-20e8c02 );\">\u00dcR WAS WIR STEHEN<\/span><\/p>\t\t\t\t\t\t\t\t<\/div>\n\t\t\t\t<\/div>\n\t\t\t\t\t<\/div>\n\t\t<\/div>\n\t\t\t\t\t<\/div>\n\t\t<\/section>\n\t\t\t\t<section class=\"elementor-section elementor-top-section elementor-element elementor-element-4c359c5 elementor-section-boxed elementor-section-height-default elementor-section-height-default\" data-id=\"4c359c5\" data-element_type=\"section\">\n\t\t\t\t\t\t<div class=\"elementor-container elementor-column-gap-default\">\n\t\t\t\t\t<div class=\"elementor-column elementor-col-33 elementor-top-column elementor-element elementor-element-494d13d\" data-id=\"494d13d\" data-element_type=\"column\">\n\t\t\t<div class=\"elementor-widget-wrap elementor-element-populated\">\n\t\t\t\t\t\t<div class=\"elementor-element elementor-element-1caeac3 elementor-widget elementor-widget-image\" data-id=\"1caeac3\" data-element_type=\"widget\" data-widget_type=\"image.default\">\n\t\t\t\t<div class=\"elementor-widget-container\">\n\t\t\t\t\t\t\t\t\t\t\t\t\t\t\t<img fetchpriority=\"high\" decoding=\"async\" width=\"2375\" height=\"1734\" src=\"https:\/\/schwanstain.de\/wp-content\/uploads\/2024\/09\/Herz_Hintergund.jpg\" class=\"attachment-full size-full wp-image-970\" alt=\"schwanstain 10 GUTE GR\u00dcNDE KOMM ZU UNS\" srcset=\"https:\/\/schwanstain.de\/wp-content\/uploads\/2024\/09\/Herz_Hintergund.jpg 2375w, https:\/\/schwanstain.de\/wp-content\/uploads\/2024\/09\/Herz_Hintergund-300x219.jpg 300w, https:\/\/schwanstain.de\/wp-content\/uploads\/2024\/09\/Herz_Hintergund-1024x748.jpg 1024w, https:\/\/schwanstain.de\/wp-content\/uploads\/2024\/09\/Herz_Hintergund-768x561.jpg 768w, https:\/\/schwanstain.de\/wp-content\/uploads\/2024\/09\/Herz_Hintergund-1536x1121.jpg 1536w, https:\/\/schwanstain.de\/wp-content\/uploads\/2024\/09\/Herz_Hintergund-2048x1495.jpg 2048w\" sizes=\"(max-width: 2375px) 100vw, 2375px\" title=\"\">\t\t\t\t\t\t\t\t\t\t\t\t\t\t\t<\/div>\n\t\t\t\t<\/div>\n\t\t\t\t\t<\/div>\n\t\t<\/div>\n\t\t\t\t<div class=\"elementor-column elementor-col-66 elementor-top-column elementor-element elementor-element-c3280d2\" data-id=\"c3280d2\" data-element_type=\"column\">\n\t\t\t<div class=\"elementor-widget-wrap elementor-element-populated\">\n\t\t\t\t\t\t<div class=\"elementor-element elementor-element-59440d0 elementor-widget elementor-widget-heading\" data-id=\"59440d0\" data-element_type=\"widget\" data-widget_type=\"heading.default\">\n\t\t\t\t<div class=\"elementor-widget-container\">\n\t\t\t\t\t<h1 class=\"elementor-heading-title elementor-size-default\">LET`S TALK WERBEMITTEL<\/h1>\t\t\t\t<\/div>\n\t\t\t\t<\/div>\n\t\t\t\t<div class=\"elementor-element elementor-element-286fd76 elementor-widget elementor-widget-text-editor\" data-id=\"286fd76\" data-element_type=\"widget\" data-widget_type=\"text-editor.default\">\n\t\t\t\t<div class=\"elementor-widget-container\">\n\t\t\t\t\t\t\t\t\t<p>F\u00fcr uns und unsere Werbemittel hei\u00dft es: no gender. Only love. Wir leben Vielfalt, Respekt und Liebe. Vielfalt ist f\u00fcr uns Kreativit\u00e4t und Innovation. <br \/><br \/>Wir wertsch\u00e4tzen diese und freuen uns \u00fcber die unterschiedlichen Menschen, Pers\u00f6nlichkeiten aus denen sich unser Team, unsere Lieferanten und Kunden zusammensetzt. Aus Gr\u00fcnden der besseren Lesbarkeit verzichten wir auf unserer Webseite bei Personenbezeichnungen und personenbezogenen Hauptw\u00f6rtern auf den gleichzeitigen Einsatz verschiedener geschlechtsbezogener Formulierungen sowie von Gendersternchen und Gendertrennungen. <br \/><br \/>Es ist f\u00fcr uns vollkommen selbstverst\u00e4ndlich, dass die hier gew\u00e4hlte Form gleicherma\u00dfen f\u00fcr alle Geschlechter (m\/w\/d) gilt. Wir sehen alle! Wir lieben alle.<\/p>\t\t\t\t\t\t\t\t<\/div>\n\t\t\t\t<\/div>\n\t\t\t\t\t<\/div>\n\t\t<\/div>\n\t\t\t\t\t<\/div>\n\t\t<\/section>\n\t\t\t\t<section class=\"elementor-section elementor-top-section elementor-element elementor-element-f9b5f7c elementor-section-boxed elementor-section-height-default elementor-section-height-default\" data-id=\"f9b5f7c\" data-element_type=\"section\">\n\t\t\t\t\t\t<div class=\"elementor-container elementor-column-gap-default\">\n\t\t\t\t\t<div class=\"elementor-column elementor-col-100 elementor-top-column elementor-element elementor-element-f053c4b\" data-id=\"f053c4b\" data-element_type=\"column\">\n\t\t\t<div class=\"elementor-widget-wrap elementor-element-populated\">\n\t\t\t\t\t\t<div class=\"elementor-element elementor-element-62794cd elementor-widget elementor-widget-heading\" data-id=\"62794cd\" data-element_type=\"widget\" data-widget_type=\"heading.default\">\n\t\t\t\t<div class=\"elementor-widget-container\">\n\t\t\t\t\t<h2 class=\"elementor-heading-title elementor-size-default\">DAS IST UNS WICHTIG.<br>\n<font color=\"#57585a\">DAF\u00dcR STEHEN WIR.<\/font><\/h2>\t\t\t\t<\/div>\n\t\t\t\t<\/div>\n\t\t\t\t\t<\/div>\n\t\t<\/div>\n\t\t\t\t\t<\/div>\n\t\t<\/section>\n\t\t\t\t<section class=\"elementor-section elementor-top-section elementor-element elementor-element-91374c3 elementor-section-content-middle elementor-reverse-tablet elementor-reverse-mobile elementor-section-boxed elementor-section-height-default elementor-section-height-default\" data-id=\"91374c3\" data-element_type=\"section\">\n\t\t\t\t\t\t<div class=\"elementor-container elementor-column-gap-default\">\n\t\t\t\t\t<div class=\"elementor-column elementor-col-50 elementor-top-column elementor-element elementor-element-f53e5d1\" data-id=\"f53e5d1\" data-element_type=\"column\" data-settings=\"{&quot;background_background&quot;:&quot;classic&quot;}\">\n\t\t\t<div class=\"elementor-widget-wrap elementor-element-populated\">\n\t\t\t\t\t\t<div class=\"elementor-element elementor-element-75cd0e2 elementor-widget elementor-widget-heading\" data-id=\"75cd0e2\" data-element_type=\"widget\" data-widget_type=\"heading.default\">\n\t\t\t\t<div class=\"elementor-widget-container\">\n\t\t\t\t\t<h4 class=\"elementor-heading-title elementor-size-default\">MADE IN GERMANY<br>MADE BY VIELFALT<\/h4>\t\t\t\t<\/div>\n\t\t\t\t<\/div>\n\t\t\t\t<div class=\"elementor-element elementor-element-2ee2e75 elementor-widget elementor-widget-text-editor\" data-id=\"2ee2e75\" data-element_type=\"widget\" data-widget_type=\"text-editor.default\">\n\t\t\t\t<div class=\"elementor-widget-container\">\n\t\t\t\t\t\t\t\t\t<p style=\"text-align: center;\">Wir unterst\u00fctzen die Kampagne f\u00fcr mehr demokratisches Engagement made in Germany.\u00a0 F\u00fcr eine pluralistische, offene, europ\u00e4isch orientierte Gesellschaft!<\/p>\t\t\t\t\t\t\t\t<\/div>\n\t\t\t\t<\/div>\n\t\t\t\t\t<\/div>\n\t\t<\/div>\n\t\t\t\t<div class=\"elementor-column elementor-col-50 elementor-top-column elementor-element elementor-element-b975f9c\" data-id=\"b975f9c\" data-element_type=\"column\" data-settings=\"{&quot;background_background&quot;:&quot;classic&quot;}\">\n\t\t\t<div class=\"elementor-widget-wrap elementor-element-populated\">\n\t\t\t\t\t\t<div class=\"elementor-element elementor-element-469aff4 elementor-widget elementor-widget-image\" data-id=\"469aff4\" data-element_type=\"widget\" data-widget_type=\"image.default\">\n\t\t\t\t<div class=\"elementor-widget-container\">\n\t\t\t\t\t\t\t\t\t\t\t\t\t\t\t<img decoding=\"async\" width=\"2551\" height=\"2291\" src=\"https:\/\/schwanstain.de\/wp-content\/uploads\/2024\/11\/Anzeigeninitiative-Familienunternehmen_Keyvisual.jpg\" class=\"attachment-full size-full wp-image-1886\" alt=\"F\u00dcR WAS WIR STEHEN\" srcset=\"https:\/\/schwanstain.de\/wp-content\/uploads\/2024\/11\/Anzeigeninitiative-Familienunternehmen_Keyvisual.jpg 2551w, https:\/\/schwanstain.de\/wp-content\/uploads\/2024\/11\/Anzeigeninitiative-Familienunternehmen_Keyvisual-300x269.jpg 300w, https:\/\/schwanstain.de\/wp-content\/uploads\/2024\/11\/Anzeigeninitiative-Familienunternehmen_Keyvisual-1024x920.jpg 1024w, https:\/\/schwanstain.de\/wp-content\/uploads\/2024\/11\/Anzeigeninitiative-Familienunternehmen_Keyvisual-768x690.jpg 768w, https:\/\/schwanstain.de\/wp-content\/uploads\/2024\/11\/Anzeigeninitiative-Familienunternehmen_Keyvisual-1536x1379.jpg 1536w, https:\/\/schwanstain.de\/wp-content\/uploads\/2024\/11\/Anzeigeninitiative-Familienunternehmen_Keyvisual-2048x1839.jpg 2048w\" sizes=\"(max-width: 2551px) 100vw, 2551px\" title=\"\">\t\t\t\t\t\t\t\t\t\t\t\t\t\t\t<\/div>\n\t\t\t\t<\/div>\n\t\t\t\t\t<\/div>\n\t\t<\/div>\n\t\t\t\t\t<\/div>\n\t\t<\/section>\n\t\t\t\t<section class=\"elementor-section elementor-top-section elementor-element elementor-element-e689f19 elementor-section-content-middle elementor-section-boxed elementor-section-height-default elementor-section-height-default\" data-id=\"e689f19\" data-element_type=\"section\">\n\t\t\t\t\t\t<div class=\"elementor-container elementor-column-gap-default\">\n\t\t\t\t\t<div class=\"elementor-column elementor-col-50 elementor-top-column elementor-element elementor-element-d5b8737\" data-id=\"d5b8737\" data-element_type=\"column\" data-settings=\"{&quot;background_background&quot;:&quot;classic&quot;}\">\n\t\t\t<div class=\"elementor-widget-wrap elementor-element-populated\">\n\t\t\t\t\t\t<div class=\"elementor-element elementor-element-0530746 elementor-widget elementor-widget-heading\" data-id=\"0530746\" data-element_type=\"widget\" data-widget_type=\"heading.default\">\n\t\t\t\t<div class=\"elementor-widget-container\">\n\t\t\t\t\t<h2 class=\"elementor-heading-title elementor-size-default\">SAY NO<\/h2>\t\t\t\t<\/div>\n\t\t\t\t<\/div>\n\t\t\t\t<div class=\"elementor-element elementor-element-026bbba elementor-align-center elementor-widget elementor-widget-button\" data-id=\"026bbba\" data-element_type=\"widget\" data-widget_type=\"button.default\">\n\t\t\t\t<div class=\"elementor-widget-container\">\n\t\t\t\t\t\t\t\t\t<div class=\"elementor-button-wrapper\">\n\t\t\t\t\t<a class=\"elementor-button elementor-button-link elementor-size-sm\" href=\"#\">\n\t\t\t\t\t\t<span class=\"elementor-button-content-wrapper\">\n\t\t\t\t\t\t\t\t\t<span class=\"elementor-button-text\">TO RACISM<\/span>\n\t\t\t\t\t<\/span>\n\t\t\t\t\t<\/a>\n\t\t\t\t<\/div>\n\t\t\t\t\t\t\t\t<\/div>\n\t\t\t\t<\/div>\n\t\t\t\t\t<\/div>\n\t\t<\/div>\n\t\t\t\t<div class=\"elementor-column elementor-col-50 elementor-top-column elementor-element elementor-element-f07619e\" data-id=\"f07619e\" data-element_type=\"column\" data-settings=\"{&quot;background_background&quot;:&quot;classic&quot;}\">\n\t\t\t<div class=\"elementor-widget-wrap elementor-element-populated\">\n\t\t\t\t\t\t<div class=\"elementor-element elementor-element-45ac076 elementor-widget elementor-widget-heading\" data-id=\"45ac076\" data-element_type=\"widget\" data-widget_type=\"heading.default\">\n\t\t\t\t<div class=\"elementor-widget-container\">\n\t\t\t\t\t<h4 class=\"elementor-heading-title elementor-size-default\">ALLE MENSCHEN SIND<br>\nFREI UND GLEICH!<\/h4>\t\t\t\t<\/div>\n\t\t\t\t<\/div>\n\t\t\t\t<div class=\"elementor-element elementor-element-9dc7125 elementor-widget elementor-widget-text-editor\" data-id=\"9dc7125\" data-element_type=\"widget\" data-widget_type=\"text-editor.default\">\n\t\t\t\t<div class=\"elementor-widget-container\">\n\t\t\t\t\t\t\t\t\t<p style=\"text-align: center;\">Alle Menschen unserer vielf\u00e4ltigen Gesellschaft sollen sich sicher und frei f\u00fchlen. Um das zu erreichen, m\u00fcssen wir uns alle einmischen und gegen Rassismus aktiv werden. Denn das beste Mittel gegen Rassismus \u2013 das sind wir selbst. Wir m\u00fcssen das Problem erkennen, es beim Namen nennen und verurteilen \u2013 auch da, wo es weh tut. Das ist nicht immer leicht. Denn kaum jemand ist v\u00f6llig frei ist von rassistischen Vorurteilen.<\/p>\t\t\t\t\t\t\t\t<\/div>\n\t\t\t\t<\/div>\n\t\t\t\t\t<\/div>\n\t\t<\/div>\n\t\t\t\t\t<\/div>\n\t\t<\/section>\n\t\t\t\t<section class=\"elementor-section elementor-top-section elementor-element elementor-element-9582da1 elementor-section-content-middle elementor-reverse-tablet elementor-reverse-mobile elementor-section-boxed elementor-section-height-default elementor-section-height-default\" data-id=\"9582da1\" data-element_type=\"section\">\n\t\t\t\t\t\t<div class=\"elementor-container elementor-column-gap-default\">\n\t\t\t\t\t<div class=\"elementor-column elementor-col-50 elementor-top-column elementor-element elementor-element-89e8fc1\" data-id=\"89e8fc1\" data-element_type=\"column\" data-settings=\"{&quot;background_background&quot;:&quot;classic&quot;}\">\n\t\t\t<div class=\"elementor-widget-wrap elementor-element-populated\">\n\t\t\t\t\t\t<div class=\"elementor-element elementor-element-833f5b3 elementor-widget elementor-widget-heading\" data-id=\"833f5b3\" data-element_type=\"widget\" data-widget_type=\"heading.default\">\n\t\t\t\t<div class=\"elementor-widget-container\">\n\t\t\t\t\t<h4 class=\"elementor-heading-title elementor-size-default\">RESPECT TO THE BRAVE, DEFIANT<br>\n&amp; FEARLESS WOMEN OF IRAN!<\/h4>\t\t\t\t<\/div>\n\t\t\t\t<\/div>\n\t\t\t\t<div class=\"elementor-element elementor-element-bae0ab6 elementor-widget elementor-widget-text-editor\" data-id=\"bae0ab6\" data-element_type=\"widget\" data-widget_type=\"text-editor.default\">\n\t\t\t\t<div class=\"elementor-widget-container\">\n\t\t\t\t\t\t\t\t\t<p style=\"text-align: center;\">All those who have survived and resisted for decades, those who are on the streets today and in future. Remembering Masha Amini and all y Women don\u02bct need their morals policed, their minds re-educated, or their bodies controlled. They need freedom to live and breathe without violence or threats. To the women of Iran: WE SEE YOU.<\/p>\t\t\t\t\t\t\t\t<\/div>\n\t\t\t\t<\/div>\n\t\t\t\t\t<\/div>\n\t\t<\/div>\n\t\t\t\t<div class=\"elementor-column elementor-col-50 elementor-top-column elementor-element elementor-element-24e2643\" data-id=\"24e2643\" data-element_type=\"column\" data-settings=\"{&quot;background_background&quot;:&quot;classic&quot;}\">\n\t\t\t<div class=\"elementor-widget-wrap elementor-element-populated\">\n\t\t\t\t\t\t<div class=\"elementor-element elementor-element-6ef259e elementor-widget elementor-widget-image\" data-id=\"6ef259e\" data-element_type=\"widget\" data-widget_type=\"image.default\">\n\t\t\t\t<div class=\"elementor-widget-container\">\n\t\t\t\t\t\t\t\t\t\t\t\t\t\t\t<img decoding=\"async\" width=\"1016\" height=\"944\" src=\"https:\/\/schwanstain.de\/wp-content\/uploads\/2024\/10\/iran-flag.png\" class=\"attachment-full size-full wp-image-1430\" alt=\"F\u00dcR WAS WIR STEHEN\" srcset=\"https:\/\/schwanstain.de\/wp-content\/uploads\/2024\/10\/iran-flag.png 1016w, https:\/\/schwanstain.de\/wp-content\/uploads\/2024\/10\/iran-flag-300x279.png 300w, https:\/\/schwanstain.de\/wp-content\/uploads\/2024\/10\/iran-flag-768x714.png 768w\" sizes=\"(max-width: 1016px) 100vw, 1016px\" title=\"\">\t\t\t\t\t\t\t\t\t\t\t\t\t\t\t<\/div>\n\t\t\t\t<\/div>\n\t\t\t\t<div class=\"elementor-element elementor-element-3e6ff0e elementor-widget elementor-widget-heading\" data-id=\"3e6ff0e\" data-element_type=\"widget\" data-widget_type=\"heading.default\">\n\t\t\t\t<div class=\"elementor-widget-container\">\n\t\t\t\t\t<h4 class=\"elementor-heading-title elementor-size-default\">WE STAND WITH IRANIAN WOMEN.<\/h4>\t\t\t\t<\/div>\n\t\t\t\t<\/div>\n\t\t\t\t\t<\/div>\n\t\t<\/div>\n\t\t\t\t\t<\/div>\n\t\t<\/section>\n\t\t\t\t<section class=\"elementor-section elementor-top-section elementor-element elementor-element-a0cd3f7 elementor-section-content-middle elementor-section-boxed elementor-section-height-default elementor-section-height-default\" data-id=\"a0cd3f7\" data-element_type=\"section\">\n\t\t\t\t\t\t<div class=\"elementor-container elementor-column-gap-default\">\n\t\t\t\t\t<div class=\"elementor-column elementor-col-50 elementor-top-column elementor-element elementor-element-55b0d64\" data-id=\"55b0d64\" data-element_type=\"column\" data-settings=\"{&quot;background_background&quot;:&quot;classic&quot;}\">\n\t\t\t<div class=\"elementor-widget-wrap elementor-element-populated\">\n\t\t\t\t\t\t<div class=\"elementor-element elementor-element-9493a4c elementor-widget elementor-widget-image\" data-id=\"9493a4c\" data-element_type=\"widget\" data-widget_type=\"image.default\">\n\t\t\t\t<div class=\"elementor-widget-container\">\n\t\t\t\t\t\t\t\t\t\t\t\t\t\t\t\t<a href=\"https:\/\/unwomen.de\/orange-the-world-2023\/\" target=\"_blank\" rel=\"noopener\">\n\t\t\t\t\t\t\t<img loading=\"lazy\" decoding=\"async\" width=\"1080\" height=\"1080\" src=\"https:\/\/schwanstain.de\/wp-content\/uploads\/2024\/10\/10.jpg\" class=\"attachment-full size-full wp-image-1431\" alt=\"F\u00dcR WAS WIR STEHEN\" srcset=\"https:\/\/schwanstain.de\/wp-content\/uploads\/2024\/10\/10.jpg 1080w, https:\/\/schwanstain.de\/wp-content\/uploads\/2024\/10\/10-300x300.jpg 300w, https:\/\/schwanstain.de\/wp-content\/uploads\/2024\/10\/10-1024x1024.jpg 1024w, https:\/\/schwanstain.de\/wp-content\/uploads\/2024\/10\/10-150x150.jpg 150w, https:\/\/schwanstain.de\/wp-content\/uploads\/2024\/10\/10-768x768.jpg 768w\" sizes=\"(max-width: 1080px) 100vw, 1080px\" title=\"\">\t\t\t\t\t\t\t\t<\/a>\n\t\t\t\t\t\t\t\t\t\t\t\t\t\t\t<\/div>\n\t\t\t\t<\/div>\n\t\t\t\t\t<\/div>\n\t\t<\/div>\n\t\t\t\t<div class=\"elementor-column elementor-col-50 elementor-top-column elementor-element elementor-element-3723e3e\" data-id=\"3723e3e\" data-element_type=\"column\" data-settings=\"{&quot;background_background&quot;:&quot;classic&quot;}\">\n\t\t\t<div class=\"elementor-widget-wrap elementor-element-populated\">\n\t\t\t\t\t\t<div class=\"elementor-element elementor-element-e2c5928 elementor-widget elementor-widget-heading\" data-id=\"e2c5928\" data-element_type=\"widget\" data-widget_type=\"heading.default\">\n\t\t\t\t<div class=\"elementor-widget-container\">\n\t\t\t\t\t<h4 class=\"elementor-heading-title elementor-size-default\">GEWALT GEGEN FRAUEN<br>\nGEHT UNS ALLE AN!<\/h4>\t\t\t\t<\/div>\n\t\t\t\t<\/div>\n\t\t\t\t<div class=\"elementor-element elementor-element-542a350 elementor-widget elementor-widget-text-editor\" data-id=\"542a350\" data-element_type=\"widget\" data-widget_type=\"text-editor.default\">\n\t\t\t\t<div class=\"elementor-widget-container\">\n\t\t\t\t\t\t\t\t\t<p style=\"text-align: center;\">Geschlechtsspezifische Gewalt ist allgegenw\u00e4rtig und fest in unseren patriarchalen Strukturen verankert.<\/p><p style=\"text-align: center;\">In Deutschland ist jede dritte Frau mindestens einmal in ihrem Leben von physischer und\/oder sexualisierter Gewalt betroffen, das sind mehr als 12 Millionen Frauen.<\/p>\t\t\t\t\t\t\t\t<\/div>\n\t\t\t\t<\/div>\n\t\t\t\t\t<\/div>\n\t\t<\/div>\n\t\t\t\t\t<\/div>\n\t\t<\/section>\n\t\t\t\t<section class=\"elementor-section elementor-top-section elementor-element elementor-element-ffbe50b elementor-section-content-middle elementor-section-boxed elementor-section-height-default elementor-section-height-default\" data-id=\"ffbe50b\" data-element_type=\"section\">\n\t\t\t\t\t\t<div class=\"elementor-container elementor-column-gap-default\">\n\t\t\t\t\t<div class=\"elementor-column elementor-col-100 elementor-top-column elementor-element elementor-element-f2def24\" data-id=\"f2def24\" data-element_type=\"column\" data-settings=\"{&quot;background_background&quot;:&quot;classic&quot;}\">\n\t\t\t<div class=\"elementor-widget-wrap elementor-element-populated\">\n\t\t\t\t\t\t<section class=\"elementor-section elementor-inner-section elementor-element elementor-element-6eee76c elementor-section-content-middle elementor-section-boxed elementor-section-height-default elementor-section-height-default\" data-id=\"6eee76c\" data-element_type=\"section\">\n\t\t\t\t\t\t<div class=\"elementor-container elementor-column-gap-default\">\n\t\t\t\t\t<div class=\"elementor-column elementor-col-50 elementor-inner-column elementor-element elementor-element-f75030d\" data-id=\"f75030d\" data-element_type=\"column\">\n\t\t\t<div class=\"elementor-widget-wrap elementor-element-populated\">\n\t\t\t\t\t\t<div class=\"elementor-element elementor-element-fd03d8c elementor-widget elementor-widget-heading\" data-id=\"fd03d8c\" data-element_type=\"widget\" data-widget_type=\"heading.default\">\n\t\t\t\t<div class=\"elementor-widget-container\">\n\t\t\t\t\t<h2 class=\"elementor-heading-title elementor-size-default\"><a href=\"https:\/\/schwanstain.de\/en\/10-gute-grunde\/\">10 GUTE GR\u00dcNDE <br>F\u00dcR UNS. \u200e \u200e\u2192<\/a><\/h2>\t\t\t\t<\/div>\n\t\t\t\t<\/div>\n\t\t\t\t\t<\/div>\n\t\t<\/div>\n\t\t\t\t<div class=\"elementor-column elementor-col-50 elementor-inner-column elementor-element elementor-element-1792bc3\" data-id=\"1792bc3\" data-element_type=\"column\">\n\t\t\t<div class=\"elementor-widget-wrap elementor-element-populated\">\n\t\t\t\t\t\t<div class=\"elementor-element elementor-element-80316ad elementor-widget elementor-widget-image\" data-id=\"80316ad\" data-element_type=\"widget\" data-widget_type=\"image.default\">\n\t\t\t\t<div class=\"elementor-widget-container\">\n\t\t\t\t\t\t\t\t\t\t\t\t\t\t\t\t<a href=\"https:\/\/schwanstain.de\/en\/10-gute-grunde\/\">\n\t\t\t\t\t\t\t<img loading=\"lazy\" decoding=\"async\" width=\"3282\" height=\"2402\" src=\"https:\/\/schwanstain.de\/wp-content\/uploads\/2024\/10\/HAnds_NEU.png\" class=\"attachment-full size-full wp-image-1466\" alt=\"hands\" srcset=\"https:\/\/schwanstain.de\/wp-content\/uploads\/2024\/10\/HAnds_NEU.png 3282w, https:\/\/schwanstain.de\/wp-content\/uploads\/2024\/10\/HAnds_NEU-300x220.png 300w, https:\/\/schwanstain.de\/wp-content\/uploads\/2024\/10\/HAnds_NEU-1024x749.png 1024w, https:\/\/schwanstain.de\/wp-content\/uploads\/2024\/10\/HAnds_NEU-768x562.png 768w, https:\/\/schwanstain.de\/wp-content\/uploads\/2024\/10\/HAnds_NEU-1536x1124.png 1536w, https:\/\/schwanstain.de\/wp-content\/uploads\/2024\/10\/HAnds_NEU-2048x1499.png 2048w\" sizes=\"(max-width: 3282px) 100vw, 3282px\" title=\"\">\t\t\t\t\t\t\t\t<\/a>\n\t\t\t\t\t\t\t\t\t\t\t\t\t\t\t<\/div>\n\t\t\t\t<\/div>\n\t\t\t\t\t<\/div>\n\t\t<\/div>\n\t\t\t\t\t<\/div>\n\t\t<\/section>\n\t\t\t\t\t<\/div>\n\t\t<\/div>\n\t\t\t\t\t<\/div>\n\t\t<\/section>\n\t\t\t\t<\/div>","protected":false},"excerpt":{"rendered":"<p>HOME \/ RUND UM DAS UNTERNEHMEN &#8211; F\u00dcR WAS WIR STEHEN LET`S TALK WERBEMITTEL F\u00fcr uns und unsere Werbemittel hei\u00dft es: no gender. Only love. Wir leben Vielfalt, Respekt und Liebe. Vielfalt ist f\u00fcr uns Kreativit\u00e4t und Innovation. Wir wertsch\u00e4tzen diese und freuen uns \u00fcber die unterschiedlichen Menschen, Pers\u00f6nlichkeiten aus denen sich unser Team, unsere [&hellip;]<\/p>","protected":false},"author":1,"featured_media":0,"parent":0,"menu_order":0,"comment_status":"closed","ping_status":"closed","template":"elementor_header_footer","meta":{"footnotes":""},"class_list":["post-652","page","type-page","status-publish","hentry"],"_links":{"self":[{"href":"https:\/\/schwanstain.de\/en\/wp-json\/wp\/v2\/pages\/652","targetHints":{"allow":["GET"]}}],"collection":[{"href":"https:\/\/schwanstain.de\/en\/wp-json\/wp\/v2\/pages"}],"about":[{"href":"https:\/\/schwanstain.de\/en\/wp-json\/wp\/v2\/types\/page"}],"author":[{"embeddable":true,"href":"https:\/\/schwanstain.de\/en\/wp-json\/wp\/v2\/users\/1"}],"replies":[{"embeddable":true,"href":"https:\/\/schwanstain.de\/en\/wp-json\/wp\/v2\/comments?post=652"}],"version-history":[{"count":82,"href":"https:\/\/schwanstain.de\/en\/wp-json\/wp\/v2\/pages\/652\/revisions"}],"predecessor-version":[{"id":4150,"href":"https:\/\/schwanstain.de\/en\/wp-json\/wp\/v2\/pages\/652\/revisions\/4150"}],"wp:attachment":[{"href":"https:\/\/schwanstain.de\/en\/wp-json\/wp\/v2\/media?parent=652"}],"curies":[{"name":"wp","href":"https:\/\/api.w.org\/{rel}","templated":true}]}}