{"id":653,"date":"2024-09-06T12:57:18","date_gmt":"2024-09-06T12:57:18","guid":{"rendered":"https:\/\/schwanstain2434.live-website.com\/?page_id=653"},"modified":"2025-09-30T14:36:41","modified_gmt":"2025-09-30T14:36:41","slug":"komm-zu-uns","status":"publish","type":"page","link":"https:\/\/schwanstain.de\/en\/komm-zu-uns\/","title":{"rendered":"KOMM ZU UNS"},"content":{"rendered":"<div data-elementor-type=\"wp-page\" data-elementor-id=\"653\" class=\"elementor elementor-653\" data-elementor-post-type=\"page\">\n\t\t\t\t\t\t<section class=\"elementor-section elementor-top-section elementor-element elementor-element-a826134 elementor-section-boxed elementor-section-height-default elementor-section-height-default\" data-id=\"a826134\" data-element_type=\"section\">\n\t\t\t\t\t\t<div class=\"elementor-container elementor-column-gap-default\">\n\t\t\t\t\t<div class=\"elementor-column elementor-col-100 elementor-top-column elementor-element elementor-element-4003ecf\" data-id=\"4003ecf\" data-element_type=\"column\">\n\t\t\t<div class=\"elementor-widget-wrap elementor-element-populated\">\n\t\t\t\t\t\t<div class=\"elementor-element elementor-element-808b4ed elementor-widget elementor-widget-text-editor\" data-id=\"808b4ed\" data-element_type=\"widget\" data-widget_type=\"text-editor.default\">\n\t\t\t\t<div class=\"elementor-widget-container\">\n\t\t\t\t\t\t\t\t\t<p><span style=\"color: #57585a;\"><a style=\"color: #57585a;\" href=\"https:\/\/schwanstain.de\/en\/\">HOME<\/a><\/span> \/ RUND UM DAS UNTERNEHMEN &#8211; KOMM ZU UNS<\/p>\t\t\t\t\t\t\t\t<\/div>\n\t\t\t\t<\/div>\n\t\t\t\t\t<\/div>\n\t\t<\/div>\n\t\t\t\t\t<\/div>\n\t\t<\/section>\n\t\t\t\t<section class=\"elementor-section elementor-top-section elementor-element elementor-element-2c60302 elementor-section-boxed elementor-section-height-default elementor-section-height-default\" data-id=\"2c60302\" data-element_type=\"section\">\n\t\t\t\t\t\t<div class=\"elementor-container elementor-column-gap-default\">\n\t\t\t\t\t<div class=\"elementor-column elementor-col-33 elementor-top-column elementor-element elementor-element-46ca469\" data-id=\"46ca469\" data-element_type=\"column\">\n\t\t\t<div class=\"elementor-widget-wrap elementor-element-populated\">\n\t\t\t\t\t\t<div class=\"elementor-element elementor-element-083a74c elementor-widget elementor-widget-image\" data-id=\"083a74c\" data-element_type=\"widget\" data-widget_type=\"image.default\">\n\t\t\t\t<div class=\"elementor-widget-container\">\n\t\t\t\t\t\t\t\t\t\t\t\t\t\t\t<img fetchpriority=\"high\" decoding=\"async\" width=\"2375\" height=\"1734\" src=\"https:\/\/schwanstain.de\/wp-content\/uploads\/2024\/09\/Herz_Hintergund.jpg\" class=\"attachment-full size-full wp-image-970\" alt=\"schwanstain 10 GUTE GR\u00dcNDE KOMM ZU UNS\" srcset=\"https:\/\/schwanstain.de\/wp-content\/uploads\/2024\/09\/Herz_Hintergund.jpg 2375w, https:\/\/schwanstain.de\/wp-content\/uploads\/2024\/09\/Herz_Hintergund-300x219.jpg 300w, https:\/\/schwanstain.de\/wp-content\/uploads\/2024\/09\/Herz_Hintergund-1024x748.jpg 1024w, https:\/\/schwanstain.de\/wp-content\/uploads\/2024\/09\/Herz_Hintergund-768x561.jpg 768w, https:\/\/schwanstain.de\/wp-content\/uploads\/2024\/09\/Herz_Hintergund-1536x1121.jpg 1536w, https:\/\/schwanstain.de\/wp-content\/uploads\/2024\/09\/Herz_Hintergund-2048x1495.jpg 2048w\" sizes=\"(max-width: 2375px) 100vw, 2375px\" title=\"\">\t\t\t\t\t\t\t\t\t\t\t\t\t\t\t<\/div>\n\t\t\t\t<\/div>\n\t\t\t\t\t<\/div>\n\t\t<\/div>\n\t\t\t\t<div class=\"elementor-column elementor-col-66 elementor-top-column elementor-element elementor-element-c5fbff1\" data-id=\"c5fbff1\" data-element_type=\"column\">\n\t\t\t<div class=\"elementor-widget-wrap elementor-element-populated\">\n\t\t\t\t\t\t<div class=\"elementor-element elementor-element-6d9b4f4 elementor-widget elementor-widget-heading\" data-id=\"6d9b4f4\" data-element_type=\"widget\" data-widget_type=\"heading.default\">\n\t\t\t\t<div class=\"elementor-widget-container\">\n\t\t\t\t\t<h2 class=\"elementor-heading-title elementor-size-default\">KOMM ZU UNS!<\/h2>\t\t\t\t<\/div>\n\t\t\t\t<\/div>\n\t\t\t\t<div class=\"elementor-element elementor-element-e93dda8 elementor-widget elementor-widget-text-editor\" data-id=\"e93dda8\" data-element_type=\"widget\" data-widget_type=\"text-editor.default\">\n\t\t\t\t<div class=\"elementor-widget-container\">\n\t\t\t\t\t\t\t\t\t<p>WER Stellenanzeigen nachmacht oder verf\u00e4lscht oder nachgemachte verf\u00e4lschte in Unlauf bringt, wird mit lausigen Bewerbungen bestraft. Daran glauben wir.<\/p><p>Daher ersparen wir Dir und uns hier das \u00dcbliche.\u00a0<\/p><p>Es ist einfach: Passt Du ins Team \u2013 ein super strukturierter logischer Kollege und eine etwas fantastisch crazy Kollegin Sch\u00f6ner Arbeitsplatz, Getr\u00e4nke f\u00fcr lau.\u00a0<\/p><p>Du redest gerne, l\u00e4sst Dich aber auch nicht aus der Ruhe brigen, willst keine Karriere machen aber ganz viel Freude in die Welt tragen, dann bist Du hier richtig<\/p><p>Ruf uns an, komm vorbei \u2013 wir freuen uns!<\/p>\t\t\t\t\t\t\t\t<\/div>\n\t\t\t\t<\/div>\n\t\t\t\t\t<\/div>\n\t\t<\/div>\n\t\t\t\t\t<\/div>\n\t\t<\/section>\n\t\t\t\t<section class=\"elementor-section elementor-top-section elementor-element elementor-element-6a42762 elementor-section-boxed elementor-section-height-default elementor-section-height-default\" data-id=\"6a42762\" data-element_type=\"section\">\n\t\t\t\t\t\t<div class=\"elementor-container elementor-column-gap-default\">\n\t\t\t\t\t<div class=\"elementor-column elementor-col-100 elementor-top-column elementor-element elementor-element-1eb29b6\" data-id=\"1eb29b6\" data-element_type=\"column\">\n\t\t\t<div class=\"elementor-widget-wrap elementor-element-populated\">\n\t\t\t\t\t\t<div class=\"elementor-element elementor-element-45eec06 elementor-widget elementor-widget-heading\" data-id=\"45eec06\" data-element_type=\"widget\" data-widget_type=\"heading.default\">\n\t\t\t\t<div class=\"elementor-widget-container\">\n\t\t\t\t\t<h1 class=\"elementor-heading-title elementor-size-default\">DAS KANNST DU SEIN.<br><font color=\"#57585a\">TEIL UNSERES TEAMS.<\/font><\/h1>\t\t\t\t<\/div>\n\t\t\t\t<\/div>\n\t\t\t\t\t<\/div>\n\t\t<\/div>\n\t\t\t\t\t<\/div>\n\t\t<\/section>\n\t\t\t\t<section class=\"elementor-section elementor-top-section elementor-element elementor-element-c98fe9c elementor-section-boxed elementor-section-height-default elementor-section-height-default\" data-id=\"c98fe9c\" data-element_type=\"section\">\n\t\t\t\t\t\t<div class=\"elementor-container elementor-column-gap-default\">\n\t\t\t\t\t<div class=\"elementor-column elementor-col-100 elementor-top-column elementor-element elementor-element-9e6195f\" data-id=\"9e6195f\" data-element_type=\"column\">\n\t\t\t<div class=\"elementor-widget-wrap elementor-element-populated\">\n\t\t\t\t\t\t<div class=\"elementor-element elementor-element-a678c1c elementor-widget elementor-widget-image\" data-id=\"a678c1c\" data-element_type=\"widget\" data-widget_type=\"image.default\">\n\t\t\t\t<div class=\"elementor-widget-container\">\n\t\t\t\t\t\t\t\t\t\t\t\t\t\t\t<img decoding=\"async\" width=\"1920\" height=\"802\" src=\"https:\/\/schwanstain.de\/wp-content\/uploads\/2024\/11\/personen.jpg\" class=\"attachment-full size-full wp-image-1893\" alt=\"KOMM ZU UNS\" srcset=\"https:\/\/schwanstain.de\/wp-content\/uploads\/2024\/11\/personen.jpg 1920w, https:\/\/schwanstain.de\/wp-content\/uploads\/2024\/11\/personen-300x125.jpg 300w, https:\/\/schwanstain.de\/wp-content\/uploads\/2024\/11\/personen-1024x428.jpg 1024w, https:\/\/schwanstain.de\/wp-content\/uploads\/2024\/11\/personen-768x321.jpg 768w, https:\/\/schwanstain.de\/wp-content\/uploads\/2024\/11\/personen-1536x642.jpg 1536w\" sizes=\"(max-width: 1920px) 100vw, 1920px\" title=\"\">\t\t\t\t\t\t\t\t\t\t\t\t\t\t\t<\/div>\n\t\t\t\t<\/div>\n\t\t\t\t\t<\/div>\n\t\t<\/div>\n\t\t\t\t\t<\/div>\n\t\t<\/section>\n\t\t\t\t<section class=\"elementor-section elementor-top-section elementor-element elementor-element-c0ceba6 elementor-section-content-middle elementor-section-boxed elementor-section-height-default elementor-section-height-default\" data-id=\"c0ceba6\" data-element_type=\"section\">\n\t\t\t\t\t\t<div class=\"elementor-container elementor-column-gap-default\">\n\t\t\t\t\t<div class=\"elementor-column elementor-col-100 elementor-top-column elementor-element elementor-element-f4cd0f5\" data-id=\"f4cd0f5\" data-element_type=\"column\" data-settings=\"{&quot;background_background&quot;:&quot;classic&quot;}\">\n\t\t\t<div class=\"elementor-widget-wrap elementor-element-populated\">\n\t\t\t\t\t\t<section class=\"elementor-section elementor-inner-section elementor-element elementor-element-ab70f33 elementor-section-content-middle elementor-section-boxed elementor-section-height-default elementor-section-height-default\" data-id=\"ab70f33\" data-element_type=\"section\">\n\t\t\t\t\t\t<div class=\"elementor-container elementor-column-gap-default\">\n\t\t\t\t\t<div class=\"elementor-column elementor-col-50 elementor-inner-column elementor-element elementor-element-ae06d7e\" data-id=\"ae06d7e\" data-element_type=\"column\">\n\t\t\t<div class=\"elementor-widget-wrap elementor-element-populated\">\n\t\t\t\t\t\t<div class=\"elementor-element elementor-element-dde7f7b elementor-widget elementor-widget-heading\" data-id=\"dde7f7b\" data-element_type=\"widget\" data-widget_type=\"heading.default\">\n\t\t\t\t<div class=\"elementor-widget-container\">\n\t\t\t\t\t<h2 class=\"elementor-heading-title elementor-size-default\"><a href=\"https:\/\/schwanstain.de\/en\/10-gute-grunde\/\">10 GUTE GR\u00dcNDE <br>F\u00dcR UNS. \u200e \u200e\u2192<\/a><\/h2>\t\t\t\t<\/div>\n\t\t\t\t<\/div>\n\t\t\t\t\t<\/div>\n\t\t<\/div>\n\t\t\t\t<div class=\"elementor-column elementor-col-50 elementor-inner-column elementor-element elementor-element-b7c4d78\" data-id=\"b7c4d78\" data-element_type=\"column\">\n\t\t\t<div class=\"elementor-widget-wrap elementor-element-populated\">\n\t\t\t\t\t\t<div class=\"elementor-element elementor-element-c2ba115 elementor-widget elementor-widget-image\" data-id=\"c2ba115\" data-element_type=\"widget\" data-widget_type=\"image.default\">\n\t\t\t\t<div class=\"elementor-widget-container\">\n\t\t\t\t\t\t\t\t\t\t\t\t\t\t\t\t<a href=\"https:\/\/schwanstain.de\/en\/10-gute-grunde\/\">\n\t\t\t\t\t\t\t<img decoding=\"async\" width=\"3282\" height=\"2402\" src=\"https:\/\/schwanstain.de\/wp-content\/uploads\/2024\/10\/HAnds_NEU.png\" class=\"attachment-full size-full wp-image-1466\" alt=\"hands\" srcset=\"https:\/\/schwanstain.de\/wp-content\/uploads\/2024\/10\/HAnds_NEU.png 3282w, https:\/\/schwanstain.de\/wp-content\/uploads\/2024\/10\/HAnds_NEU-300x220.png 300w, https:\/\/schwanstain.de\/wp-content\/uploads\/2024\/10\/HAnds_NEU-1024x749.png 1024w, https:\/\/schwanstain.de\/wp-content\/uploads\/2024\/10\/HAnds_NEU-768x562.png 768w, https:\/\/schwanstain.de\/wp-content\/uploads\/2024\/10\/HAnds_NEU-1536x1124.png 1536w, https:\/\/schwanstain.de\/wp-content\/uploads\/2024\/10\/HAnds_NEU-2048x1499.png 2048w\" sizes=\"(max-width: 3282px) 100vw, 3282px\" title=\"\">\t\t\t\t\t\t\t\t<\/a>\n\t\t\t\t\t\t\t\t\t\t\t\t\t\t\t<\/div>\n\t\t\t\t<\/div>\n\t\t\t\t\t<\/div>\n\t\t<\/div>\n\t\t\t\t\t<\/div>\n\t\t<\/section>\n\t\t\t\t\t<\/div>\n\t\t<\/div>\n\t\t\t\t\t<\/div>\n\t\t<\/section>\n\t\t\t\t<\/div>","protected":false},"excerpt":{"rendered":"<p>HOME \/ RUND UM DAS UNTERNEHMEN &#8211; KOMM ZU UNS KOMM ZU UNS! WER Stellenanzeigen nachmacht oder verf\u00e4lscht oder nachgemachte verf\u00e4lschte in Unlauf bringt, wird mit lausigen Bewerbungen bestraft. Daran glauben wir. Daher ersparen wir Dir und uns hier das \u00dcbliche.\u00a0 Es ist einfach: Passt Du ins Team \u2013 ein super strukturierter logischer Kollege und [&hellip;]<\/p>","protected":false},"author":1,"featured_media":0,"parent":0,"menu_order":0,"comment_status":"closed","ping_status":"closed","template":"elementor_header_footer","meta":{"footnotes":""},"class_list":["post-653","page","type-page","status-publish","hentry"],"_links":{"self":[{"href":"https:\/\/schwanstain.de\/en\/wp-json\/wp\/v2\/pages\/653","targetHints":{"allow":["GET"]}}],"collection":[{"href":"https:\/\/schwanstain.de\/en\/wp-json\/wp\/v2\/pages"}],"about":[{"href":"https:\/\/schwanstain.de\/en\/wp-json\/wp\/v2\/types\/page"}],"author":[{"embeddable":true,"href":"https:\/\/schwanstain.de\/en\/wp-json\/wp\/v2\/users\/1"}],"replies":[{"embeddable":true,"href":"https:\/\/schwanstain.de\/en\/wp-json\/wp\/v2\/comments?post=653"}],"version-history":[{"count":70,"href":"https:\/\/schwanstain.de\/en\/wp-json\/wp\/v2\/pages\/653\/revisions"}],"predecessor-version":[{"id":4153,"href":"https:\/\/schwanstain.de\/en\/wp-json\/wp\/v2\/pages\/653\/revisions\/4153"}],"wp:attachment":[{"href":"https:\/\/schwanstain.de\/en\/wp-json\/wp\/v2\/media?parent=653"}],"curies":[{"name":"wp","href":"https:\/\/api.w.org\/{rel}","templated":true}]}}