{"id":658,"date":"2024-09-06T12:58:04","date_gmt":"2024-09-06T12:58:04","guid":{"rendered":"https:\/\/schwanstain2434.live-website.com\/?page_id=658"},"modified":"2026-02-03T13:31:24","modified_gmt":"2026-02-03T13:31:24","slug":"kataloge","status":"publish","type":"page","link":"https:\/\/schwanstain.de\/en\/kataloge\/","title":{"rendered":"KATALOGE"},"content":{"rendered":"<div data-elementor-type=\"wp-page\" data-elementor-id=\"658\" class=\"elementor elementor-658\" data-elementor-post-type=\"page\">\n\t\t\t\t\t\t<section class=\"elementor-section elementor-top-section elementor-element elementor-element-1c19d2f elementor-section-boxed elementor-section-height-default elementor-section-height-default\" data-id=\"1c19d2f\" data-element_type=\"section\">\n\t\t\t\t\t\t<div class=\"elementor-container elementor-column-gap-default\">\n\t\t\t\t\t<div class=\"elementor-column elementor-col-100 elementor-top-column elementor-element elementor-element-6d3f6ca\" data-id=\"6d3f6ca\" data-element_type=\"column\">\n\t\t\t<div class=\"elementor-widget-wrap elementor-element-populated\">\n\t\t\t\t\t\t<div class=\"elementor-element elementor-element-4ee3bc7 elementor-widget elementor-widget-text-editor\" data-id=\"4ee3bc7\" data-element_type=\"widget\" data-widget_type=\"text-editor.default\">\n\t\t\t\t<div class=\"elementor-widget-container\">\n\t\t\t\t\t\t\t\t\t<p><span style=\"color: #57585a;\"><a style=\"color: #57585a;\" href=\"https:\/\/schwanstain.de\/en\/\">HOME<\/a><\/span> \/ NOCH MEHR SERVICE &#8211; KATALOGE<\/p>\t\t\t\t\t\t\t\t<\/div>\n\t\t\t\t<\/div>\n\t\t\t\t\t<\/div>\n\t\t<\/div>\n\t\t\t\t\t<\/div>\n\t\t<\/section>\n\t\t\t\t<section class=\"elementor-section elementor-top-section elementor-element elementor-element-1daaf5e elementor-section-boxed elementor-section-height-default elementor-section-height-default\" data-id=\"1daaf5e\" data-element_type=\"section\">\n\t\t\t\t\t\t<div class=\"elementor-container elementor-column-gap-default\">\n\t\t\t\t\t<div class=\"elementor-column elementor-col-33 elementor-top-column elementor-element elementor-element-8b5c0d1\" data-id=\"8b5c0d1\" data-element_type=\"column\">\n\t\t\t<div class=\"elementor-widget-wrap elementor-element-populated\">\n\t\t\t\t\t\t<div class=\"elementor-element elementor-element-9be92c1 elementor-widget elementor-widget-image\" data-id=\"9be92c1\" data-element_type=\"widget\" data-widget_type=\"image.default\">\n\t\t\t\t<div class=\"elementor-widget-container\">\n\t\t\t\t\t\t\t\t\t\t\t\t\t\t\t<img fetchpriority=\"high\" decoding=\"async\" width=\"2375\" height=\"1734\" src=\"https:\/\/schwanstain.de\/wp-content\/uploads\/2024\/10\/Herz-mit-HintergundundINEU.jpg\" class=\"attachment-full size-full wp-image-1462\" alt=\"\" srcset=\"https:\/\/schwanstain.de\/wp-content\/uploads\/2024\/10\/Herz-mit-HintergundundINEU.jpg 2375w, https:\/\/schwanstain.de\/wp-content\/uploads\/2024\/10\/Herz-mit-HintergundundINEU-300x219.jpg 300w, https:\/\/schwanstain.de\/wp-content\/uploads\/2024\/10\/Herz-mit-HintergundundINEU-1024x748.jpg 1024w, https:\/\/schwanstain.de\/wp-content\/uploads\/2024\/10\/Herz-mit-HintergundundINEU-768x561.jpg 768w, https:\/\/schwanstain.de\/wp-content\/uploads\/2024\/10\/Herz-mit-HintergundundINEU-1536x1121.jpg 1536w, https:\/\/schwanstain.de\/wp-content\/uploads\/2024\/10\/Herz-mit-HintergundundINEU-2048x1495.jpg 2048w\" sizes=\"(max-width: 2375px) 100vw, 2375px\" title=\"\">\t\t\t\t\t\t\t\t\t\t\t\t\t\t\t<\/div>\n\t\t\t\t<\/div>\n\t\t\t\t\t<\/div>\n\t\t<\/div>\n\t\t\t\t<div class=\"elementor-column elementor-col-66 elementor-top-column elementor-element elementor-element-b859195\" data-id=\"b859195\" data-element_type=\"column\">\n\t\t\t<div class=\"elementor-widget-wrap elementor-element-populated\">\n\t\t\t\t\t\t<div class=\"elementor-element elementor-element-9cc3c77 elementor-widget elementor-widget-heading\" data-id=\"9cc3c77\" data-element_type=\"widget\" data-widget_type=\"heading.default\">\n\t\t\t\t<div class=\"elementor-widget-container\">\n\t\t\t\t\t<h2 class=\"elementor-heading-title elementor-size-default\">SCHWANSTAIN - KATALOGE<\/h2>\t\t\t\t<\/div>\n\t\t\t\t<\/div>\n\t\t\t\t<div class=\"elementor-element elementor-element-2a69f61 elementor-widget elementor-widget-text-editor\" data-id=\"2a69f61\" data-element_type=\"widget\" data-widget_type=\"text-editor.default\">\n\t\t\t\t<div class=\"elementor-widget-container\">\n\t\t\t\t\t\t\t\t\t<p>immer was &#8230;<br \/>zum Bl\u00e4ttern<br \/>zum Lesen<br \/>zum Staunen<br \/>zum Nachdenken<br \/>zum Anregen<br \/>zum Ausflippen<\/p><p>\u00a0<\/p><p><br \/>&#8230;<br \/>zum Bestellen.<\/p>\t\t\t\t\t\t\t\t<\/div>\n\t\t\t\t<\/div>\n\t\t\t\t\t<\/div>\n\t\t<\/div>\n\t\t\t\t\t<\/div>\n\t\t<\/section>\n\t\t\t\t<section class=\"elementor-section elementor-top-section elementor-element elementor-element-e3d0984 elementor-section-boxed elementor-section-height-default elementor-section-height-default\" data-id=\"e3d0984\" data-element_type=\"section\">\n\t\t\t\t\t\t<div class=\"elementor-container elementor-column-gap-default\">\n\t\t\t\t\t<div class=\"elementor-column elementor-col-100 elementor-top-column elementor-element elementor-element-02704f1\" data-id=\"02704f1\" data-element_type=\"column\">\n\t\t\t<div class=\"elementor-widget-wrap elementor-element-populated\">\n\t\t\t\t\t\t<div class=\"elementor-element elementor-element-108279e elementor-widget elementor-widget-heading\" data-id=\"108279e\" data-element_type=\"widget\" data-widget_type=\"heading.default\">\n\t\t\t\t<div class=\"elementor-widget-container\">\n\t\t\t\t\t<h2 class=\"elementor-heading-title elementor-size-default\">\u00dcBERSICHT<br>\n<font color=\"#57585a\">KATALOGE<\/font><\/h2>\t\t\t\t<\/div>\n\t\t\t\t<\/div>\n\t\t\t\t\t<\/div>\n\t\t<\/div>\n\t\t\t\t\t<\/div>\n\t\t<\/section>\n\t\t\t\t<section data-premium-element-link=\"{&quot;type&quot;:&quot;url&quot;,&quot;link&quot;:{&quot;url&quot;:&quot;https:\\\/\\\/viewer.xdcollection.com\\\/xd\\\/de\\\/eur\\\/schwanstain-werbemittel-gmbh\\\/main\\\/&quot;,&quot;is_external&quot;:&quot;on&quot;,&quot;nofollow&quot;:&quot;&quot;,&quot;custom_attributes&quot;:&quot;&quot;},&quot;href&quot;:&quot;https:\\\/\\\/viewer.xdcollection.com\\\/xd\\\/de\\\/eur\\\/schwanstain-werbemittel-gmbh\\\/main\\\/&quot;}\" style=\"cursor: pointer\" class=\"elementor-section elementor-top-section elementor-element elementor-element-270a973 elementor-section-content-middle premium-wrapper-link-yes elementor-section-boxed elementor-section-height-default elementor-section-height-default\" data-id=\"270a973\" data-element_type=\"section\">\n\t\t\t\t\t\t<div class=\"elementor-container elementor-column-gap-no\">\n\t\t\t\t\t<div class=\"elementor-column elementor-col-33 elementor-top-column elementor-element elementor-element-99ec98e\" data-id=\"99ec98e\" data-element_type=\"column\">\n\t\t\t<div class=\"elementor-widget-wrap elementor-element-populated\">\n\t\t\t\t\t\t<div class=\"elementor-element elementor-element-0461197 elementor-widget elementor-widget-image\" data-id=\"0461197\" data-element_type=\"widget\" data-widget_type=\"image.default\">\n\t\t\t\t<div class=\"elementor-widget-container\">\n\t\t\t\t\t\t\t\t\t\t\t\t\t\t\t<img decoding=\"async\" width=\"1369\" height=\"1000\" src=\"https:\/\/schwanstain.de\/wp-content\/uploads\/2025\/01\/blatter-katalogue-neu-2025-a.jpg\" class=\"attachment-full size-full wp-image-3559\" alt=\"\" srcset=\"https:\/\/schwanstain.de\/wp-content\/uploads\/2025\/01\/blatter-katalogue-neu-2025-a.jpg 1369w, https:\/\/schwanstain.de\/wp-content\/uploads\/2025\/01\/blatter-katalogue-neu-2025-a-300x219.jpg 300w, https:\/\/schwanstain.de\/wp-content\/uploads\/2025\/01\/blatter-katalogue-neu-2025-a-1024x748.jpg 1024w, https:\/\/schwanstain.de\/wp-content\/uploads\/2025\/01\/blatter-katalogue-neu-2025-a-768x561.jpg 768w, https:\/\/schwanstain.de\/wp-content\/uploads\/2025\/01\/blatter-katalogue-neu-2025-a-16x12.jpg 16w\" sizes=\"(max-width: 1369px) 100vw, 1369px\" title=\"\">\t\t\t\t\t\t\t\t\t\t\t\t\t\t\t<\/div>\n\t\t\t\t<\/div>\n\t\t\t\t\t<\/div>\n\t\t<\/div>\n\t\t\t\t<div class=\"elementor-column elementor-col-66 elementor-top-column elementor-element elementor-element-63d241f\" data-id=\"63d241f\" data-element_type=\"column\">\n\t\t\t<div class=\"elementor-widget-wrap elementor-element-populated\">\n\t\t\t\t\t\t<div class=\"elementor-element elementor-element-69c7b61 elementor-hidden-desktop elementor-widget elementor-widget-heading\" data-id=\"69c7b61\" data-element_type=\"widget\" data-widget_type=\"heading.default\">\n\t\t\t\t<div class=\"elementor-widget-container\">\n\t\t\t\t\t<h2 class=\"elementor-heading-title elementor-size-default\">UNSER <br><span style=\"color:#E87F2D\">WERBEMITTEL-<\/span>KATALOG<\/h2>\t\t\t\t<\/div>\n\t\t\t\t<\/div>\n\t\t\t\t<div class=\"elementor-element elementor-element-e248335 elementor-hidden-tablet elementor-hidden-mobile elementor-widget elementor-widget-heading\" data-id=\"e248335\" data-element_type=\"widget\" data-widget_type=\"heading.default\">\n\t\t\t\t<div class=\"elementor-widget-container\">\n\t\t\t\t\t<h2 class=\"elementor-heading-title elementor-size-default\">UNSER <br><span style=\"color:#E87F2D\">WERBEMITTEL<\/span>KATALOG<\/h2>\t\t\t\t<\/div>\n\t\t\t\t<\/div>\n\t\t\t\t\t<\/div>\n\t\t<\/div>\n\t\t\t\t\t<\/div>\n\t\t<\/section>\n\t\t\t\t<section data-premium-element-link=\"{&quot;type&quot;:&quot;url&quot;,&quot;link&quot;:{&quot;url&quot;:&quot;https:\\\/\\\/penpages.de\\\/pages\\\/schwanstain-katalog-2026\\\/&quot;,&quot;is_external&quot;:&quot;on&quot;,&quot;nofollow&quot;:&quot;&quot;,&quot;custom_attributes&quot;:&quot;&quot;},&quot;href&quot;:&quot;https:\\\/\\\/penpages.de\\\/pages\\\/schwanstain-katalog-2026\\\/&quot;}\" style=\"cursor: pointer\" class=\"elementor-section elementor-top-section elementor-element elementor-element-876bb78 elementor-section-content-middle premium-wrapper-link-yes elementor-section-boxed elementor-section-height-default elementor-section-height-default\" data-id=\"876bb78\" data-element_type=\"section\">\n\t\t\t\t\t\t<div class=\"elementor-container elementor-column-gap-no\">\n\t\t\t\t\t<div class=\"elementor-column elementor-col-33 elementor-top-column elementor-element elementor-element-1f301ad\" data-id=\"1f301ad\" data-element_type=\"column\">\n\t\t\t<div class=\"elementor-widget-wrap elementor-element-populated\">\n\t\t\t\t\t\t<div class=\"elementor-element elementor-element-c634eab elementor-widget elementor-widget-image\" data-id=\"c634eab\" data-element_type=\"widget\" data-widget_type=\"image.default\">\n\t\t\t\t<div class=\"elementor-widget-container\">\n\t\t\t\t\t\t\t\t\t\t\t\t\t\t\t<img decoding=\"async\" width=\"2375\" height=\"1734\" src=\"https:\/\/schwanstain.de\/wp-content\/uploads\/2024\/10\/katalog-pic-2-uber.jpg\" class=\"attachment-full size-full wp-image-1212\" alt=\"\" srcset=\"https:\/\/schwanstain.de\/wp-content\/uploads\/2024\/10\/katalog-pic-2-uber.jpg 2375w, https:\/\/schwanstain.de\/wp-content\/uploads\/2024\/10\/katalog-pic-2-uber-300x219.jpg 300w, https:\/\/schwanstain.de\/wp-content\/uploads\/2024\/10\/katalog-pic-2-uber-1024x748.jpg 1024w, https:\/\/schwanstain.de\/wp-content\/uploads\/2024\/10\/katalog-pic-2-uber-768x561.jpg 768w, https:\/\/schwanstain.de\/wp-content\/uploads\/2024\/10\/katalog-pic-2-uber-1536x1121.jpg 1536w, https:\/\/schwanstain.de\/wp-content\/uploads\/2024\/10\/katalog-pic-2-uber-2048x1495.jpg 2048w\" sizes=\"(max-width: 2375px) 100vw, 2375px\" title=\"\">\t\t\t\t\t\t\t\t\t\t\t\t\t\t\t<\/div>\n\t\t\t\t<\/div>\n\t\t\t\t\t<\/div>\n\t\t<\/div>\n\t\t\t\t<div class=\"elementor-column elementor-col-66 elementor-top-column elementor-element elementor-element-ac1308e\" data-id=\"ac1308e\" data-element_type=\"column\">\n\t\t\t<div class=\"elementor-widget-wrap elementor-element-populated\">\n\t\t\t\t\t\t<div class=\"elementor-element elementor-element-68bc720 elementor-hidden-desktop elementor-widget elementor-widget-heading\" data-id=\"68bc720\" data-element_type=\"widget\" data-widget_type=\"heading.default\">\n\t\t\t\t<div class=\"elementor-widget-container\">\n\t\t\t\t\t<h2 class=\"elementor-heading-title elementor-size-default\">UNSER <br><span style=\"color:#E87F2D\">SCHREIBGER\u00c4TE-<\/span>KATALOG<\/h2>\t\t\t\t<\/div>\n\t\t\t\t<\/div>\n\t\t\t\t<div class=\"elementor-element elementor-element-279e9c9 elementor-hidden-tablet elementor-hidden-mobile elementor-widget elementor-widget-heading\" data-id=\"279e9c9\" data-element_type=\"widget\" data-widget_type=\"heading.default\">\n\t\t\t\t<div class=\"elementor-widget-container\">\n\t\t\t\t\t<h2 class=\"elementor-heading-title elementor-size-default\">UNSER <br><span style=\"color:#E87F2D\">SCHREIBGER\u00c4TE<\/span>KATALOG<\/h2>\t\t\t\t<\/div>\n\t\t\t\t<\/div>\n\t\t\t\t\t<\/div>\n\t\t<\/div>\n\t\t\t\t\t<\/div>\n\t\t<\/section>\n\t\t\t\t<section data-premium-element-link=\"{&quot;type&quot;:&quot;url&quot;,&quot;link&quot;:{&quot;url&quot;:&quot;https:\\\/\\\/schwanstain.de\\\/katalog-individual\\\/&quot;,&quot;is_external&quot;:&quot;on&quot;,&quot;nofollow&quot;:&quot;&quot;,&quot;custom_attributes&quot;:&quot;&quot;},&quot;href&quot;:&quot;https:\\\/\\\/schwanstain.de\\\/katalog-individual\\\/&quot;}\" style=\"cursor: pointer\" class=\"elementor-section elementor-top-section elementor-element elementor-element-f00199a elementor-section-content-middle premium-wrapper-link-yes elementor-section-boxed elementor-section-height-default elementor-section-height-default\" data-id=\"f00199a\" data-element_type=\"section\">\n\t\t\t\t\t\t<div class=\"elementor-container elementor-column-gap-no\">\n\t\t\t\t\t<div class=\"elementor-column elementor-col-33 elementor-top-column elementor-element elementor-element-9128b05\" data-id=\"9128b05\" data-element_type=\"column\">\n\t\t\t<div class=\"elementor-widget-wrap elementor-element-populated\">\n\t\t\t\t\t\t<div class=\"elementor-element elementor-element-af8e119 elementor-widget elementor-widget-image\" data-id=\"af8e119\" data-element_type=\"widget\" data-widget_type=\"image.default\">\n\t\t\t\t<div class=\"elementor-widget-container\">\n\t\t\t\t\t\t\t\t\t\t\t\t\t\t\t<img loading=\"lazy\" decoding=\"async\" width=\"2375\" height=\"1734\" src=\"https:\/\/schwanstain.de\/wp-content\/uploads\/2024\/10\/img-1.jpg\" class=\"attachment-full size-full wp-image-1175\" alt=\"\" srcset=\"https:\/\/schwanstain.de\/wp-content\/uploads\/2024\/10\/img-1.jpg 2375w, https:\/\/schwanstain.de\/wp-content\/uploads\/2024\/10\/img-1-300x219.jpg 300w, https:\/\/schwanstain.de\/wp-content\/uploads\/2024\/10\/img-1-1024x748.jpg 1024w, https:\/\/schwanstain.de\/wp-content\/uploads\/2024\/10\/img-1-768x561.jpg 768w, https:\/\/schwanstain.de\/wp-content\/uploads\/2024\/10\/img-1-1536x1121.jpg 1536w, https:\/\/schwanstain.de\/wp-content\/uploads\/2024\/10\/img-1-2048x1495.jpg 2048w\" sizes=\"(max-width: 2375px) 100vw, 2375px\" title=\"\">\t\t\t\t\t\t\t\t\t\t\t\t\t\t\t<\/div>\n\t\t\t\t<\/div>\n\t\t\t\t\t<\/div>\n\t\t<\/div>\n\t\t\t\t<div class=\"elementor-column elementor-col-66 elementor-top-column elementor-element elementor-element-8cbc636\" data-id=\"8cbc636\" data-element_type=\"column\">\n\t\t\t<div class=\"elementor-widget-wrap elementor-element-populated\">\n\t\t\t\t\t\t<div class=\"elementor-element elementor-element-5aa72af elementor-widget elementor-widget-heading\" data-id=\"5aa72af\" data-element_type=\"widget\" data-widget_type=\"heading.default\">\n\t\t\t\t<div class=\"elementor-widget-container\">\n\t\t\t\t\t<h2 class=\"elementor-heading-title elementor-size-default\">UNSER <br><span style=\"color:#DF3D78\">INDIVIDUAL<\/span>KATALOG<\/h2>\t\t\t\t<\/div>\n\t\t\t\t<\/div>\n\t\t\t\t\t<\/div>\n\t\t<\/div>\n\t\t\t\t\t<\/div>\n\t\t<\/section>\n\t\t\t\t<section class=\"elementor-section elementor-top-section elementor-element elementor-element-89aa09c elementor-section-content-middle elementor-section-boxed elementor-section-height-default elementor-section-height-default\" data-id=\"89aa09c\" data-element_type=\"section\">\n\t\t\t\t\t\t<div class=\"elementor-container elementor-column-gap-default\">\n\t\t\t\t\t<div class=\"elementor-column elementor-col-100 elementor-top-column elementor-element elementor-element-95babb0\" data-id=\"95babb0\" data-element_type=\"column\" data-settings=\"{&quot;background_background&quot;:&quot;classic&quot;}\">\n\t\t\t<div class=\"elementor-widget-wrap elementor-element-populated\">\n\t\t\t\t\t\t<section class=\"elementor-section elementor-inner-section elementor-element elementor-element-9f69d10 elementor-section-content-middle elementor-section-boxed elementor-section-height-default elementor-section-height-default\" data-id=\"9f69d10\" data-element_type=\"section\">\n\t\t\t\t\t\t<div class=\"elementor-container elementor-column-gap-default\">\n\t\t\t\t\t<div class=\"elementor-column elementor-col-50 elementor-inner-column elementor-element elementor-element-e975fdc\" data-id=\"e975fdc\" data-element_type=\"column\">\n\t\t\t<div class=\"elementor-widget-wrap elementor-element-populated\">\n\t\t\t\t\t\t<div class=\"elementor-element elementor-element-5dd52a5 elementor-widget elementor-widget-heading\" data-id=\"5dd52a5\" data-element_type=\"widget\" data-widget_type=\"heading.default\">\n\t\t\t\t<div class=\"elementor-widget-container\">\n\t\t\t\t\t<h2 class=\"elementor-heading-title elementor-size-default\"><a href=\"https:\/\/schwanstain.de\/en\/10-gute-grunde\/\">10 GUTE GR\u00dcNDE <br>F\u00dcR UNS. \u200e \u200e\u2192<\/a><\/h2>\t\t\t\t<\/div>\n\t\t\t\t<\/div>\n\t\t\t\t\t<\/div>\n\t\t<\/div>\n\t\t\t\t<div class=\"elementor-column elementor-col-50 elementor-inner-column elementor-element elementor-element-906c724\" data-id=\"906c724\" data-element_type=\"column\">\n\t\t\t<div class=\"elementor-widget-wrap elementor-element-populated\">\n\t\t\t\t\t\t<div class=\"elementor-element elementor-element-559d0b3 elementor-widget elementor-widget-image\" data-id=\"559d0b3\" data-element_type=\"widget\" data-widget_type=\"image.default\">\n\t\t\t\t<div class=\"elementor-widget-container\">\n\t\t\t\t\t\t\t\t\t\t\t\t\t\t\t\t<a href=\"https:\/\/schwanstain.de\/en\/10-gute-grunde\/\">\n\t\t\t\t\t\t\t<img loading=\"lazy\" decoding=\"async\" width=\"3282\" height=\"2402\" src=\"https:\/\/schwanstain.de\/wp-content\/uploads\/2024\/10\/HAnds_NEU.png\" class=\"attachment-full size-full wp-image-1466\" alt=\"hands\" srcset=\"https:\/\/schwanstain.de\/wp-content\/uploads\/2024\/10\/HAnds_NEU.png 3282w, https:\/\/schwanstain.de\/wp-content\/uploads\/2024\/10\/HAnds_NEU-300x220.png 300w, https:\/\/schwanstain.de\/wp-content\/uploads\/2024\/10\/HAnds_NEU-1024x749.png 1024w, https:\/\/schwanstain.de\/wp-content\/uploads\/2024\/10\/HAnds_NEU-768x562.png 768w, https:\/\/schwanstain.de\/wp-content\/uploads\/2024\/10\/HAnds_NEU-1536x1124.png 1536w, https:\/\/schwanstain.de\/wp-content\/uploads\/2024\/10\/HAnds_NEU-2048x1499.png 2048w\" sizes=\"(max-width: 3282px) 100vw, 3282px\" title=\"\">\t\t\t\t\t\t\t\t<\/a>\n\t\t\t\t\t\t\t\t\t\t\t\t\t\t\t<\/div>\n\t\t\t\t<\/div>\n\t\t\t\t\t<\/div>\n\t\t<\/div>\n\t\t\t\t\t<\/div>\n\t\t<\/section>\n\t\t\t\t\t<\/div>\n\t\t<\/div>\n\t\t\t\t\t<\/div>\n\t\t<\/section>\n\t\t\t\t<\/div>","protected":false},"excerpt":{"rendered":"<p>HOME \/ NOCH MEHR SERVICE &#8211; KATALOGE SCHWANSTAIN &#8211; KATALOGE immer was &#8230;zum Bl\u00e4tternzum Lesenzum Staunenzum Nachdenkenzum Anregenzum Ausflippen \u00a0 &#8230;zum Bestellen. \u00dcBERSICHT KATALOGE UNSER WERBEMITTEL-KATALOG UNSER WERBEMITTELKATALOG UNSER SCHREIBGER\u00c4TE-KATALOG UNSER SCHREIBGER\u00c4TEKATALOG UNSER INDIVIDUALKATALOG 10 GUTE GR\u00dcNDE F\u00dcR UNS. \u200e \u200e\u2192<\/p>","protected":false},"author":1,"featured_media":0,"parent":0,"menu_order":0,"comment_status":"closed","ping_status":"closed","template":"elementor_header_footer","meta":{"footnotes":""},"class_list":["post-658","page","type-page","status-publish","hentry"],"_links":{"self":[{"href":"https:\/\/schwanstain.de\/en\/wp-json\/wp\/v2\/pages\/658","targetHints":{"allow":["GET"]}}],"collection":[{"href":"https:\/\/schwanstain.de\/en\/wp-json\/wp\/v2\/pages"}],"about":[{"href":"https:\/\/schwanstain.de\/en\/wp-json\/wp\/v2\/types\/page"}],"author":[{"embeddable":true,"href":"https:\/\/schwanstain.de\/en\/wp-json\/wp\/v2\/users\/1"}],"replies":[{"embeddable":true,"href":"https:\/\/schwanstain.de\/en\/wp-json\/wp\/v2\/comments?post=658"}],"version-history":[{"count":88,"href":"https:\/\/schwanstain.de\/en\/wp-json\/wp\/v2\/pages\/658\/revisions"}],"predecessor-version":[{"id":4304,"href":"https:\/\/schwanstain.de\/en\/wp-json\/wp\/v2\/pages\/658\/revisions\/4304"}],"wp:attachment":[{"href":"https:\/\/schwanstain.de\/en\/wp-json\/wp\/v2\/media?parent=658"}],"curies":[{"name":"wp","href":"https:\/\/api.w.org\/{rel}","templated":true}]}}