{"id":661,"date":"2024-09-06T12:58:36","date_gmt":"2024-09-06T12:58:36","guid":{"rendered":"https:\/\/schwanstain2434.live-website.com\/?page_id=661"},"modified":"2026-01-11T10:11:54","modified_gmt":"2026-01-11T10:11:54","slug":"downloads","status":"publish","type":"page","link":"https:\/\/schwanstain.de\/en\/downloads\/","title":{"rendered":"DOWNLOADS"},"content":{"rendered":"<div data-elementor-type=\"wp-page\" data-elementor-id=\"661\" class=\"elementor elementor-661\" data-elementor-post-type=\"page\">\n\t\t\t\t\t\t<section class=\"elementor-section elementor-top-section elementor-element elementor-element-c393441 elementor-section-boxed elementor-section-height-default elementor-section-height-default\" data-id=\"c393441\" data-element_type=\"section\">\n\t\t\t\t\t\t<div class=\"elementor-container elementor-column-gap-default\">\n\t\t\t\t\t<div class=\"elementor-column elementor-col-100 elementor-top-column elementor-element elementor-element-e2d18ae\" data-id=\"e2d18ae\" data-element_type=\"column\">\n\t\t\t<div class=\"elementor-widget-wrap elementor-element-populated\">\n\t\t\t\t\t\t<div class=\"elementor-element elementor-element-d282d1e elementor-widget elementor-widget-text-editor\" data-id=\"d282d1e\" data-element_type=\"widget\" data-widget_type=\"text-editor.default\">\n\t\t\t\t<div class=\"elementor-widget-container\">\n\t\t\t\t\t\t\t\t\t<p><span style=\"color: #57585a;\"><a style=\"color: #57585a;\" href=\"https:\/\/schwanstain.de\/en\/\">HOME<\/a><\/span> \/ NOCH MEHR SERVICE &#8211; DOWNLOADS<\/p>\t\t\t\t\t\t\t\t<\/div>\n\t\t\t\t<\/div>\n\t\t\t\t\t<\/div>\n\t\t<\/div>\n\t\t\t\t\t<\/div>\n\t\t<\/section>\n\t\t\t\t<section class=\"elementor-section elementor-top-section elementor-element elementor-element-f6b9dcc elementor-section-boxed elementor-section-height-default elementor-section-height-default\" data-id=\"f6b9dcc\" data-element_type=\"section\">\n\t\t\t\t\t\t<div class=\"elementor-container elementor-column-gap-default\">\n\t\t\t\t\t<div class=\"elementor-column elementor-col-33 elementor-top-column elementor-element elementor-element-d421a8c\" data-id=\"d421a8c\" data-element_type=\"column\">\n\t\t\t<div class=\"elementor-widget-wrap elementor-element-populated\">\n\t\t\t\t\t\t<div class=\"elementor-element elementor-element-efb6f19 elementor-widget elementor-widget-image\" data-id=\"efb6f19\" data-element_type=\"widget\" data-widget_type=\"image.default\">\n\t\t\t\t<div class=\"elementor-widget-container\">\n\t\t\t\t\t\t\t\t\t\t\t\t\t\t\t<img fetchpriority=\"high\" decoding=\"async\" width=\"2375\" height=\"1734\" src=\"https:\/\/schwanstain.de\/wp-content\/uploads\/2024\/10\/Herz-mit-HintergundundINEU.jpg\" class=\"attachment-full size-full wp-image-1462\" alt=\"\" srcset=\"https:\/\/schwanstain.de\/wp-content\/uploads\/2024\/10\/Herz-mit-HintergundundINEU.jpg 2375w, https:\/\/schwanstain.de\/wp-content\/uploads\/2024\/10\/Herz-mit-HintergundundINEU-300x219.jpg 300w, https:\/\/schwanstain.de\/wp-content\/uploads\/2024\/10\/Herz-mit-HintergundundINEU-1024x748.jpg 1024w, https:\/\/schwanstain.de\/wp-content\/uploads\/2024\/10\/Herz-mit-HintergundundINEU-768x561.jpg 768w, https:\/\/schwanstain.de\/wp-content\/uploads\/2024\/10\/Herz-mit-HintergundundINEU-1536x1121.jpg 1536w, https:\/\/schwanstain.de\/wp-content\/uploads\/2024\/10\/Herz-mit-HintergundundINEU-2048x1495.jpg 2048w\" sizes=\"(max-width: 2375px) 100vw, 2375px\" title=\"\">\t\t\t\t\t\t\t\t\t\t\t\t\t\t\t<\/div>\n\t\t\t\t<\/div>\n\t\t\t\t\t<\/div>\n\t\t<\/div>\n\t\t\t\t<div class=\"elementor-column elementor-col-66 elementor-top-column elementor-element elementor-element-76002e9\" data-id=\"76002e9\" data-element_type=\"column\">\n\t\t\t<div class=\"elementor-widget-wrap elementor-element-populated\">\n\t\t\t\t\t\t<div class=\"elementor-element elementor-element-0db6d92 elementor-widget elementor-widget-heading\" data-id=\"0db6d92\" data-element_type=\"widget\" data-widget_type=\"heading.default\">\n\t\t\t\t<div class=\"elementor-widget-container\">\n\t\t\t\t\t<h2 class=\"elementor-heading-title elementor-size-default\">CHECK MA!<\/h2>\t\t\t\t<\/div>\n\t\t\t\t<\/div>\n\t\t\t\t<div class=\"elementor-element elementor-element-d50c6b5 elementor-widget elementor-widget-text-editor\" data-id=\"d50c6b5\" data-element_type=\"widget\" data-widget_type=\"text-editor.default\">\n\t\t\t\t<div class=\"elementor-widget-container\">\n\t\t\t\t\t\t\t\t\t<p>Du willst mal in Ruhe und offline abchecken, was wir hier so erz\u00e4hlen? Klar, gerne. Hier findest Du wichtige Informationen zum downloaden.<\/p>\t\t\t\t\t\t\t\t<\/div>\n\t\t\t\t<\/div>\n\t\t\t\t\t<\/div>\n\t\t<\/div>\n\t\t\t\t\t<\/div>\n\t\t<\/section>\n\t\t\t\t<section class=\"elementor-section elementor-top-section elementor-element elementor-element-d2a978a elementor-section-boxed elementor-section-height-default elementor-section-height-default\" data-id=\"d2a978a\" data-element_type=\"section\">\n\t\t\t\t\t\t<div class=\"elementor-container elementor-column-gap-default\">\n\t\t\t\t\t<div class=\"elementor-column elementor-col-100 elementor-top-column elementor-element elementor-element-4084a32\" data-id=\"4084a32\" data-element_type=\"column\">\n\t\t\t<div class=\"elementor-widget-wrap elementor-element-populated\">\n\t\t\t\t\t\t<div class=\"elementor-element elementor-element-e28b5ae elementor-widget elementor-widget-heading\" data-id=\"e28b5ae\" data-element_type=\"widget\" data-widget_type=\"heading.default\">\n\t\t\t\t<div class=\"elementor-widget-container\">\n\t\t\t\t\t<h2 class=\"elementor-heading-title elementor-size-default\">\u00dcBERSICHT<br>\n<font color=\"#57585a\">DOWNLOADS<\/font><\/h2>\t\t\t\t<\/div>\n\t\t\t\t<\/div>\n\t\t\t\t\t<\/div>\n\t\t<\/div>\n\t\t\t\t\t<\/div>\n\t\t<\/section>\n\t\t\t\t<section data-premium-element-link=\"{&quot;type&quot;:&quot;url&quot;,&quot;link&quot;:{&quot;url&quot;:&quot;https:\\\/\\\/schwanstain.de\\\/wp-content\\\/uploads\\\/2024\\\/10\\\/Servicefolder-2024_NEU_Ansicht.pdf&quot;,&quot;is_external&quot;:&quot;on&quot;,&quot;nofollow&quot;:&quot;&quot;,&quot;custom_attributes&quot;:&quot;&quot;},&quot;href&quot;:&quot;https:\\\/\\\/schwanstain.de\\\/wp-content\\\/uploads\\\/2024\\\/10\\\/Servicefolder-2024_NEU_Ansicht.pdf&quot;}\" style=\"cursor: pointer\" class=\"elementor-section elementor-top-section elementor-element elementor-element-bbf4558 elementor-section-content-middle premium-wrapper-link-yes elementor-section-boxed elementor-section-height-default elementor-section-height-default\" data-id=\"bbf4558\" data-element_type=\"section\">\n\t\t\t\t\t\t<div class=\"elementor-container elementor-column-gap-no\">\n\t\t\t\t\t<div class=\"elementor-column elementor-col-33 elementor-top-column elementor-element elementor-element-e42c6b8\" data-id=\"e42c6b8\" data-element_type=\"column\">\n\t\t\t<div class=\"elementor-widget-wrap elementor-element-populated\">\n\t\t\t\t\t\t<div class=\"elementor-element elementor-element-103af29 elementor-widget elementor-widget-image\" data-id=\"103af29\" data-element_type=\"widget\" data-widget_type=\"image.default\">\n\t\t\t\t<div class=\"elementor-widget-container\">\n\t\t\t\t\t\t\t\t\t\t\t\t\t\t\t<img decoding=\"async\" width=\"1406\" height=\"1027\" src=\"https:\/\/schwanstain.de\/wp-content\/uploads\/2024\/11\/Frame-19.jpg\" class=\"attachment-full size-full wp-image-1918\" alt=\"\" srcset=\"https:\/\/schwanstain.de\/wp-content\/uploads\/2024\/11\/Frame-19.jpg 1406w, https:\/\/schwanstain.de\/wp-content\/uploads\/2024\/11\/Frame-19-300x219.jpg 300w, https:\/\/schwanstain.de\/wp-content\/uploads\/2024\/11\/Frame-19-1024x748.jpg 1024w, https:\/\/schwanstain.de\/wp-content\/uploads\/2024\/11\/Frame-19-768x561.jpg 768w\" sizes=\"(max-width: 1406px) 100vw, 1406px\" title=\"\">\t\t\t\t\t\t\t\t\t\t\t\t\t\t\t<\/div>\n\t\t\t\t<\/div>\n\t\t\t\t\t<\/div>\n\t\t<\/div>\n\t\t\t\t<div class=\"elementor-column elementor-col-66 elementor-top-column elementor-element elementor-element-625ec12\" data-id=\"625ec12\" data-element_type=\"column\">\n\t\t\t<div class=\"elementor-widget-wrap elementor-element-populated\">\n\t\t\t\t\t\t<div class=\"elementor-element elementor-element-ac4635b elementor-widget elementor-widget-heading\" data-id=\"ac4635b\" data-element_type=\"widget\" data-widget_type=\"heading.default\">\n\t\t\t\t<div class=\"elementor-widget-container\">\n\t\t\t\t\t<h2 class=\"elementor-heading-title elementor-size-default\">MARKETING - SERVICEPROSPEKT<\/h2>\t\t\t\t<\/div>\n\t\t\t\t<\/div>\n\t\t\t\t\t<\/div>\n\t\t<\/div>\n\t\t\t\t\t<\/div>\n\t\t<\/section>\n\t\t\t\t<section data-premium-element-link=\"{&quot;type&quot;:&quot;url&quot;,&quot;link&quot;:{&quot;url&quot;:&quot;https:\\\/\\\/schwanstain.de\\\/wp-content\\\/uploads\\\/2026\\\/01\\\/AGB-SCHWANSTAIN-NEU-01_26.pdf&quot;,&quot;is_external&quot;:&quot;on&quot;,&quot;nofollow&quot;:&quot;&quot;,&quot;custom_attributes&quot;:&quot;&quot;},&quot;href&quot;:&quot;https:\\\/\\\/schwanstain.de\\\/wp-content\\\/uploads\\\/2026\\\/01\\\/AGB-SCHWANSTAIN-NEU-01_26.pdf&quot;}\" style=\"cursor: pointer\" class=\"elementor-section elementor-top-section elementor-element elementor-element-ac6e6dd elementor-section-content-middle premium-wrapper-link-yes elementor-section-boxed elementor-section-height-default elementor-section-height-default\" data-id=\"ac6e6dd\" data-element_type=\"section\">\n\t\t\t\t\t\t<div class=\"elementor-container elementor-column-gap-no\">\n\t\t\t\t\t<div class=\"elementor-column elementor-col-33 elementor-top-column elementor-element elementor-element-a538c11\" data-id=\"a538c11\" data-element_type=\"column\">\n\t\t\t<div class=\"elementor-widget-wrap elementor-element-populated\">\n\t\t\t\t\t\t<div class=\"elementor-element elementor-element-bd22156 elementor-widget elementor-widget-image\" data-id=\"bd22156\" data-element_type=\"widget\" data-widget_type=\"image.default\">\n\t\t\t\t<div class=\"elementor-widget-container\">\n\t\t\t\t\t\t\t\t\t\t\t\t\t\t\t<img decoding=\"async\" width=\"1406\" height=\"1027\" src=\"https:\/\/schwanstain.de\/wp-content\/uploads\/2024\/11\/Group-163.jpg\" class=\"attachment-full size-full wp-image-1919\" alt=\"\" srcset=\"https:\/\/schwanstain.de\/wp-content\/uploads\/2024\/11\/Group-163.jpg 1406w, https:\/\/schwanstain.de\/wp-content\/uploads\/2024\/11\/Group-163-300x219.jpg 300w, https:\/\/schwanstain.de\/wp-content\/uploads\/2024\/11\/Group-163-1024x748.jpg 1024w, https:\/\/schwanstain.de\/wp-content\/uploads\/2024\/11\/Group-163-768x561.jpg 768w\" sizes=\"(max-width: 1406px) 100vw, 1406px\" title=\"\">\t\t\t\t\t\t\t\t\t\t\t\t\t\t\t<\/div>\n\t\t\t\t<\/div>\n\t\t\t\t\t<\/div>\n\t\t<\/div>\n\t\t\t\t<div class=\"elementor-column elementor-col-66 elementor-top-column elementor-element elementor-element-71f0c2d\" data-id=\"71f0c2d\" data-element_type=\"column\">\n\t\t\t<div class=\"elementor-widget-wrap elementor-element-populated\">\n\t\t\t\t\t\t<div class=\"elementor-element elementor-element-13177db elementor-hidden-desktop elementor-widget elementor-widget-heading\" data-id=\"13177db\" data-element_type=\"widget\" data-widget_type=\"heading.default\">\n\t\t\t\t<div class=\"elementor-widget-container\">\n\t\t\t\t\t<h2 class=\"elementor-heading-title elementor-size-default\">UNSERE ALLGEMEINEN <br>GESCH\u00c4FTSBEDIN-GUNGEN<\/h2>\t\t\t\t<\/div>\n\t\t\t\t<\/div>\n\t\t\t\t<div class=\"elementor-element elementor-element-2b68502 elementor-hidden-tablet elementor-hidden-mobile elementor-widget elementor-widget-heading\" data-id=\"2b68502\" data-element_type=\"widget\" data-widget_type=\"heading.default\">\n\t\t\t\t<div class=\"elementor-widget-container\">\n\t\t\t\t\t<h2 class=\"elementor-heading-title elementor-size-default\">UNSERE ALLGEMEINEN <br>GESCH\u00c4FTSBEDINGUNGEN<\/h2>\t\t\t\t<\/div>\n\t\t\t\t<\/div>\n\t\t\t\t\t<\/div>\n\t\t<\/div>\n\t\t\t\t\t<\/div>\n\t\t<\/section>\n\t\t\t\t<section class=\"elementor-section elementor-top-section elementor-element elementor-element-7c45218 elementor-section-content-middle elementor-section-boxed elementor-section-height-default elementor-section-height-default\" data-id=\"7c45218\" data-element_type=\"section\">\n\t\t\t\t\t\t<div class=\"elementor-container elementor-column-gap-default\">\n\t\t\t\t\t<div class=\"elementor-column elementor-col-100 elementor-top-column elementor-element elementor-element-b28a971\" data-id=\"b28a971\" data-element_type=\"column\" data-settings=\"{&quot;background_background&quot;:&quot;classic&quot;}\">\n\t\t\t<div class=\"elementor-widget-wrap elementor-element-populated\">\n\t\t\t\t\t\t<section class=\"elementor-section elementor-inner-section elementor-element elementor-element-61bfab5 elementor-section-content-middle elementor-section-boxed elementor-section-height-default elementor-section-height-default\" data-id=\"61bfab5\" data-element_type=\"section\">\n\t\t\t\t\t\t<div class=\"elementor-container elementor-column-gap-default\">\n\t\t\t\t\t<div class=\"elementor-column elementor-col-50 elementor-inner-column elementor-element elementor-element-000861a\" data-id=\"000861a\" data-element_type=\"column\">\n\t\t\t<div class=\"elementor-widget-wrap elementor-element-populated\">\n\t\t\t\t\t\t<div class=\"elementor-element elementor-element-76d7302 elementor-widget elementor-widget-heading\" data-id=\"76d7302\" data-element_type=\"widget\" data-widget_type=\"heading.default\">\n\t\t\t\t<div class=\"elementor-widget-container\">\n\t\t\t\t\t<h2 class=\"elementor-heading-title elementor-size-default\"><a href=\"https:\/\/schwanstain.de\/en\/10-gute-grunde\/\">10 GUTE GR\u00dcNDE <br>F\u00dcR UNS. \u200e \u200e\u2192<\/a><\/h2>\t\t\t\t<\/div>\n\t\t\t\t<\/div>\n\t\t\t\t\t<\/div>\n\t\t<\/div>\n\t\t\t\t<div class=\"elementor-column elementor-col-50 elementor-inner-column elementor-element elementor-element-6ad10c3\" data-id=\"6ad10c3\" data-element_type=\"column\">\n\t\t\t<div class=\"elementor-widget-wrap elementor-element-populated\">\n\t\t\t\t\t\t<div class=\"elementor-element elementor-element-51bdbc9 elementor-widget elementor-widget-image\" data-id=\"51bdbc9\" data-element_type=\"widget\" data-widget_type=\"image.default\">\n\t\t\t\t<div class=\"elementor-widget-container\">\n\t\t\t\t\t\t\t\t\t\t\t\t\t\t\t\t<a href=\"https:\/\/schwanstain.de\/en\/10-gute-grunde\/\">\n\t\t\t\t\t\t\t<img loading=\"lazy\" decoding=\"async\" width=\"3282\" height=\"2402\" src=\"https:\/\/schwanstain.de\/wp-content\/uploads\/2024\/10\/HAnds_NEU.png\" class=\"attachment-full size-full wp-image-1466\" alt=\"hands\" srcset=\"https:\/\/schwanstain.de\/wp-content\/uploads\/2024\/10\/HAnds_NEU.png 3282w, https:\/\/schwanstain.de\/wp-content\/uploads\/2024\/10\/HAnds_NEU-300x220.png 300w, https:\/\/schwanstain.de\/wp-content\/uploads\/2024\/10\/HAnds_NEU-1024x749.png 1024w, https:\/\/schwanstain.de\/wp-content\/uploads\/2024\/10\/HAnds_NEU-768x562.png 768w, https:\/\/schwanstain.de\/wp-content\/uploads\/2024\/10\/HAnds_NEU-1536x1124.png 1536w, https:\/\/schwanstain.de\/wp-content\/uploads\/2024\/10\/HAnds_NEU-2048x1499.png 2048w\" sizes=\"(max-width: 3282px) 100vw, 3282px\" title=\"\">\t\t\t\t\t\t\t\t<\/a>\n\t\t\t\t\t\t\t\t\t\t\t\t\t\t\t<\/div>\n\t\t\t\t<\/div>\n\t\t\t\t\t<\/div>\n\t\t<\/div>\n\t\t\t\t\t<\/div>\n\t\t<\/section>\n\t\t\t\t\t<\/div>\n\t\t<\/div>\n\t\t\t\t\t<\/div>\n\t\t<\/section>\n\t\t\t\t<\/div>","protected":false},"excerpt":{"rendered":"<p>HOME \/ NOCH MEHR SERVICE &#8211; DOWNLOADS CHECK MA! Du willst mal in Ruhe und offline abchecken, was wir hier so erz\u00e4hlen? Klar, gerne. Hier findest Du wichtige Informationen zum downloaden. \u00dcBERSICHT DOWNLOADS MARKETING &#8211; SERVICEPROSPEKT UNSERE ALLGEMEINEN GESCH\u00c4FTSBEDIN-GUNGEN UNSERE ALLGEMEINEN GESCH\u00c4FTSBEDINGUNGEN 10 GUTE GR\u00dcNDE F\u00dcR UNS. \u200e \u200e\u2192<\/p>","protected":false},"author":1,"featured_media":0,"parent":0,"menu_order":0,"comment_status":"closed","ping_status":"closed","template":"elementor_header_footer","meta":{"footnotes":""},"class_list":["post-661","page","type-page","status-publish","hentry"],"_links":{"self":[{"href":"https:\/\/schwanstain.de\/en\/wp-json\/wp\/v2\/pages\/661","targetHints":{"allow":["GET"]}}],"collection":[{"href":"https:\/\/schwanstain.de\/en\/wp-json\/wp\/v2\/pages"}],"about":[{"href":"https:\/\/schwanstain.de\/en\/wp-json\/wp\/v2\/types\/page"}],"author":[{"embeddable":true,"href":"https:\/\/schwanstain.de\/en\/wp-json\/wp\/v2\/users\/1"}],"replies":[{"embeddable":true,"href":"https:\/\/schwanstain.de\/en\/wp-json\/wp\/v2\/comments?post=661"}],"version-history":[{"count":91,"href":"https:\/\/schwanstain.de\/en\/wp-json\/wp\/v2\/pages\/661\/revisions"}],"predecessor-version":[{"id":4228,"href":"https:\/\/schwanstain.de\/en\/wp-json\/wp\/v2\/pages\/661\/revisions\/4228"}],"wp:attachment":[{"href":"https:\/\/schwanstain.de\/en\/wp-json\/wp\/v2\/media?parent=661"}],"curies":[{"name":"wp","href":"https:\/\/api.w.org\/{rel}","templated":true}]}}